{"id":3123,"date":"2019-10-24T10:12:34","date_gmt":"2019-10-24T08:12:34","guid":{"rendered":"https:\/\/thecentral.lu\/smart-aparthotel-luxembourg-kirchberg\/privacy-and-cookie-policy\/"},"modified":"2024-01-02T16:45:42","modified_gmt":"2024-01-02T15:45:42","slug":"privacy-and-cookie-policy","status":"publish","type":"page","link":"https:\/\/thecentralapartments.fr\/smart-aparthotel-luxembourg-kirchberg\/privacy-and-cookie-policy\/","title":{"rendered":"Politique de confidialit\u00e9 et gestion des cookies"},"content":{"rendered":"<h1 class=\"page-title\">Politique de confidentialit\u00e9<\/h1>\n<p>&nbsp;<\/p>\n<p><em>Derni\u00e8re mise \u00e0 jour : 31\/10\/2019.<\/em><\/p>\n<p>Nous utilisons vos informations personnelles uniquement afin d\u2019am\u00e9liorer notre site web. En utilisant notre site web, vous acceptez la collecte et l&rsquo;utilisation des informations conform\u00e9ment \u00e0 cette politique.<\/p>\n<p><strong>Collecte et utilisation des informations<\/strong><\/p>\n<p>Lors de l&rsquo;utilisation de notre site, il peut vous \u00eatre demand\u00e9 de nous fournir certaines informations personnellement identifiables qui peuvent \u00eatre utilis\u00e9es pour vous contacter ou vous identifier. Les informations personnellement identifiables peuvent inclure, sans s&rsquo;y limiter, votre nom, votre adresse \u00e9lectronique et\/ou votre adresse IP.<\/p>\n<p><strong>Donn\u00e9es de connexion<\/strong><\/p>\n<p>Comme de nombreux exploitants de sites web, nous recueillons des informations que votre navigateur envoie chaque fois que vous visitez notre site (\u00ab\u00a0donn\u00e9es de journal\u00a0\u00bb). Ces donn\u00e9es de journal peuvent inclure des informations sur l&rsquo;adresse de protocole Internet (\u00ab\u00a0IP\u00a0\u00bb) de votre ordinateur, le type de navigateur, la version du navigateur, les pages de notre site Web que vous visitez, l&rsquo;heure et la date de votre visite, le temps pass\u00e9 sur ces pages et d&rsquo;autres statistiques. En outre, nous pouvons utiliser des services tiers tels que Google Analytics pour collecter, contr\u00f4ler et analyser les donn\u00e9es du journal.<\/p>\n<p><strong>Communications<\/strong><\/p>\n<p>Nous pouvons utiliser vos informations personnelles pour vous contacter avec des bulletins d&rsquo;information, du mat\u00e9riel marketing ou promotionnel.<\/p>\n<p><strong>Cookies<\/strong><\/p>\n<p>Les cookies sont de petits fichiers de donn\u00e9es qui peuvent inclure un identifiant unique anonyme. Ils sont envoy\u00e9s \u00e0 votre navigateur par un site web et stock\u00e9s sur le disque dur de votre ordinateur. Comme de nombreux sites web, nous utilisons des \u00ab\u00a0cookies\u00a0\u00bb pour collecter des informations. Vous pouvez demander \u00e0 votre navigateur de refuser et d&rsquo;accepter tous les cookies. Toutefois, si vous n&rsquo;acceptez pas les cookies, il se peut que vous ne puissiez pas utiliser certaines parties de notre site web.<\/p>\n<p><strong>S\u00e9curit\u00e9<\/strong><\/p>\n<p>La s\u00e9curit\u00e9 de vos informations personnelles est tr\u00e8s importante pour nous, mais n&rsquo;oubliez pas qu&rsquo;aucune m\u00e9thode de transmission sur l&rsquo;internet ou de stockage \u00e9lectronique n&rsquo;est s\u00fbre \u00e0 100 %. Bien que nous nous efforcions d&rsquo;utiliser des moyens commercialement acceptables pour prot\u00e9ger vos informations personnelles, nous ne pouvons pas garantir leur s\u00e9curit\u00e9 absolue.<\/p>\n","protected":false},"excerpt":{"rendered":"<p>Politique de confidentialit\u00e9 &nbsp; Derni\u00e8re mise \u00e0 jour : 31\/10\/2019. Nous utilisons vos informations personnelles uniquement afin d\u2019am\u00e9liorer notre site web. En utilisant notre site web, vous acceptez la collecte et l&rsquo;utilisation des informations conform\u00e9ment \u00e0 cette politique. Collecte et utilisation des informations Lors de l&rsquo;utilisation de notre site, il peut vous \u00eatre demand\u00e9 de [&hellip;]<\/p>\n","protected":false},"author":1,"featured_media":0,"parent":0,"menu_order":100,"comment_status":"closed","ping_status":"closed","template":"template-SimpleText.php","meta":[],"acf":[],"yoast_head":"<!-- This site is optimized with the Yoast SEO plugin v20.8 - https:\/\/yoast.com\/wordpress\/plugins\/seo\/ -->\n<title>Politique de confidialit\u00e9 et gestion des cookies - The Central Luxembourg Kirchberg<\/title>\n<meta name=\"robots\" content=\"index, follow, max-snippet:-1, max-image-preview:large, max-video-preview:-1\" \/>\n<link rel=\"canonical\" href=\"https:\/\/thecentralapartments.fr\/smart-aparthotel-luxembourg-kirchberg\/privacy-and-cookie-policy\/\" \/>\n<meta property=\"og:locale\" content=\"fr_FR\" \/>\n<meta property=\"og:type\" content=\"article\" \/>\n<meta property=\"og:title\" content=\"Politique de confidialit\u00e9 et gestion des cookies - The Central Luxembourg Kirchberg\" \/>\n<meta property=\"og:description\" content=\"Politique de confidentialit\u00e9 &nbsp; Derni\u00e8re mise \u00e0 jour : 31\/10\/2019. Nous utilisons vos informations personnelles uniquement afin d\u2019am\u00e9liorer notre site web. En utilisant notre site web, vous acceptez la collecte et l&rsquo;utilisation des informations conform\u00e9ment \u00e0 cette politique. Collecte et utilisation des informations Lors de l&rsquo;utilisation de notre site, il peut vous \u00eatre demand\u00e9 de [&hellip;]\" \/>\n<meta property=\"og:url\" content=\"https:\/\/thecentralapartments.fr\/smart-aparthotel-luxembourg-kirchberg\/privacy-and-cookie-policy\/\" \/>\n<meta property=\"og:site_name\" content=\"The Central Luxembourg Kirchberg\" \/>\n<meta property=\"article:modified_time\" content=\"2024-01-02T15:45:42+00:00\" \/>\n<meta name=\"twitter:card\" content=\"summary_large_image\" \/>\n<meta name=\"twitter:label1\" content=\"Dur\u00e9e de lecture estim\u00e9e\" \/>\n\t<meta name=\"twitter:data1\" content=\"3 minutes\" \/>\n<script type=\"application\/ld+json\" class=\"yoast-schema-graph\">{\"@context\":\"https:\/\/schema.org\",\"@graph\":[{\"@type\":\"WebPage\",\"@id\":\"https:\/\/thecentralapartments.fr\/smart-aparthotel-luxembourg-kirchberg\/privacy-and-cookie-policy\/\",\"url\":\"https:\/\/thecentralapartments.fr\/smart-aparthotel-luxembourg-kirchberg\/privacy-and-cookie-policy\/\",\"name\":\"Politique de confidialit\u00e9 et gestion des cookies - The Central Luxembourg Kirchberg\",\"isPartOf\":{\"@id\":\"https:\/\/thecentralapartments.fr\/smart-aparthotel-luxembourg-kirchberg\/#website\"},\"datePublished\":\"2019-10-24T08:12:34+00:00\",\"dateModified\":\"2024-01-02T15:45:42+00:00\",\"inLanguage\":\"fr-FR\",\"potentialAction\":[{\"@type\":\"ReadAction\",\"target\":[\"https:\/\/thecentralapartments.fr\/smart-aparthotel-luxembourg-kirchberg\/privacy-and-cookie-policy\/\"]}]},{\"@type\":\"WebSite\",\"@id\":\"https:\/\/thecentralapartments.fr\/smart-aparthotel-luxembourg-kirchberg\/#website\",\"url\":\"https:\/\/thecentralapartments.fr\/smart-aparthotel-luxembourg-kirchberg\/\",\"name\":\"The Central Luxembourg Kirchberg\",\"description\":\"The Central Luxembourg Kirchberg\",\"publisher\":{\"@id\":\"https:\/\/thecentralapartments.fr\/smart-aparthotel-luxembourg-kirchberg\/#organization\"},\"potentialAction\":[{\"@type\":\"SearchAction\",\"target\":{\"@type\":\"EntryPoint\",\"urlTemplate\":\"https:\/\/thecentralapartments.fr\/smart-aparthotel-luxembourg-kirchberg\/?s={search_term_string}\"},\"query-input\":\"required name=search_term_string\"}],\"inLanguage\":\"fr-FR\"},{\"@type\":\"Organization\",\"@id\":\"https:\/\/thecentralapartments.fr\/smart-aparthotel-luxembourg-kirchberg\/#organization\",\"name\":\"The Central Luxembourg Kirchberg\",\"url\":\"https:\/\/thecentralapartments.fr\/smart-aparthotel-luxembourg-kirchberg\/\",\"logo\":{\"@type\":\"ImageObject\",\"inLanguage\":\"fr-FR\",\"@id\":\"https:\/\/thecentralapartments.fr\/smart-aparthotel-luxembourg-kirchberg\/#\/schema\/logo\/image\/\",\"url\":\"https:\/\/thecentralapartments.fr\/smart-aparthotel-luxembourg-kirchberg\/wp-content\/uploads\/2019\/06\/logo_the_central.png\",\"contentUrl\":\"https:\/\/thecentralapartments.fr\/smart-aparthotel-luxembourg-kirchberg\/wp-content\/uploads\/2019\/06\/logo_the_central.png\",\"width\":220,\"height\":60,\"caption\":\"The Central Luxembourg Kirchberg\"},\"image\":{\"@id\":\"https:\/\/thecentralapartments.fr\/smart-aparthotel-luxembourg-kirchberg\/#\/schema\/logo\/image\/\"}}]}<\/script>\n<!-- \/ Yoast SEO plugin. -->","yoast_head_json":{"title":"Politique de confidialit\u00e9 et gestion des cookies - The Central Luxembourg Kirchberg","robots":{"index":"index","follow":"follow","max-snippet":"max-snippet:-1","max-image-preview":"max-image-preview:large","max-video-preview":"max-video-preview:-1"},"canonical":"https:\/\/thecentralapartments.fr\/smart-aparthotel-luxembourg-kirchberg\/privacy-and-cookie-policy\/","og_locale":"fr_FR","og_type":"article","og_title":"Politique de confidialit\u00e9 et gestion des cookies - The Central Luxembourg Kirchberg","og_description":"Politique de confidentialit\u00e9 &nbsp; Derni\u00e8re mise \u00e0 jour : 31\/10\/2019. Nous utilisons vos informations personnelles uniquement afin d\u2019am\u00e9liorer notre site web. En utilisant notre site web, vous acceptez la collecte et l&rsquo;utilisation des informations conform\u00e9ment \u00e0 cette politique. Collecte et utilisation des informations Lors de l&rsquo;utilisation de notre site, il peut vous \u00eatre demand\u00e9 de [&hellip;]","og_url":"https:\/\/thecentralapartments.fr\/smart-aparthotel-luxembourg-kirchberg\/privacy-and-cookie-policy\/","og_site_name":"The Central Luxembourg Kirchberg","article_modified_time":"2024-01-02T15:45:42+00:00","twitter_card":"summary_large_image","twitter_misc":{"Dur\u00e9e de lecture estim\u00e9e":"3 minutes"},"schema":{"@context":"https:\/\/schema.org","@graph":[{"@type":"WebPage","@id":"https:\/\/thecentralapartments.fr\/smart-aparthotel-luxembourg-kirchberg\/privacy-and-cookie-policy\/","url":"https:\/\/thecentralapartments.fr\/smart-aparthotel-luxembourg-kirchberg\/privacy-and-cookie-policy\/","name":"Politique de confidialit\u00e9 et gestion des cookies - The Central Luxembourg Kirchberg","isPartOf":{"@id":"https:\/\/thecentralapartments.fr\/smart-aparthotel-luxembourg-kirchberg\/#website"},"datePublished":"2019-10-24T08:12:34+00:00","dateModified":"2024-01-02T15:45:42+00:00","inLanguage":"fr-FR","potentialAction":[{"@type":"ReadAction","target":["https:\/\/thecentralapartments.fr\/smart-aparthotel-luxembourg-kirchberg\/privacy-and-cookie-policy\/"]}]},{"@type":"WebSite","@id":"https:\/\/thecentralapartments.fr\/smart-aparthotel-luxembourg-kirchberg\/#website","url":"https:\/\/thecentralapartments.fr\/smart-aparthotel-luxembourg-kirchberg\/","name":"The Central Luxembourg Kirchberg","description":"The Central Luxembourg Kirchberg","publisher":{"@id":"https:\/\/thecentralapartments.fr\/smart-aparthotel-luxembourg-kirchberg\/#organization"},"potentialAction":[{"@type":"SearchAction","target":{"@type":"EntryPoint","urlTemplate":"https:\/\/thecentralapartments.fr\/smart-aparthotel-luxembourg-kirchberg\/?s={search_term_string}"},"query-input":"required name=search_term_string"}],"inLanguage":"fr-FR"},{"@type":"Organization","@id":"https:\/\/thecentralapartments.fr\/smart-aparthotel-luxembourg-kirchberg\/#organization","name":"The Central Luxembourg Kirchberg","url":"https:\/\/thecentralapartments.fr\/smart-aparthotel-luxembourg-kirchberg\/","logo":{"@type":"ImageObject","inLanguage":"fr-FR","@id":"https:\/\/thecentralapartments.fr\/smart-aparthotel-luxembourg-kirchberg\/#\/schema\/logo\/image\/","url":"https:\/\/thecentralapartments.fr\/smart-aparthotel-luxembourg-kirchberg\/wp-content\/uploads\/2019\/06\/logo_the_central.png","contentUrl":"https:\/\/thecentralapartments.fr\/smart-aparthotel-luxembourg-kirchberg\/wp-content\/uploads\/2019\/06\/logo_the_central.png","width":220,"height":60,"caption":"The Central Luxembourg Kirchberg"},"image":{"@id":"https:\/\/thecentralapartments.fr\/smart-aparthotel-luxembourg-kirchberg\/#\/schema\/logo\/image\/"}}]}},"_links":{"self":[{"href":"https:\/\/thecentralapartments.fr\/smart-aparthotel-luxembourg-kirchberg\/wp-json\/wp\/v2\/pages\/3123"}],"collection":[{"href":"https:\/\/thecentralapartments.fr\/smart-aparthotel-luxembourg-kirchberg\/wp-json\/wp\/v2\/pages"}],"about":[{"href":"https:\/\/thecentralapartments.fr\/smart-aparthotel-luxembourg-kirchberg\/wp-json\/wp\/v2\/types\/page"}],"author":[{"embeddable":true,"href":"https:\/\/thecentralapartments.fr\/smart-aparthotel-luxembourg-kirchberg\/wp-json\/wp\/v2\/users\/1"}],"replies":[{"embeddable":true,"href":"https:\/\/thecentralapartments.fr\/smart-aparthotel-luxembourg-kirchberg\/wp-json\/wp\/v2\/comments?post=3123"}],"version-history":[{"count":5,"href":"https:\/\/thecentralapartments.fr\/smart-aparthotel-luxembourg-kirchberg\/wp-json\/wp\/v2\/pages\/3123\/revisions"}],"predecessor-version":[{"id":13497,"href":"https:\/\/thecentralapartments.fr\/smart-aparthotel-luxembourg-kirchberg\/wp-json\/wp\/v2\/pages\/3123\/revisions\/13497"}],"wp:attachment":[{"href":"https:\/\/thecentralapartments.fr\/smart-aparthotel-luxembourg-kirchberg\/wp-json\/wp\/v2\/media?parent=3123"}],"curies":[{"name":"wp","href":"https:\/\/api.w.org\/{rel}","templated":true}]}}