{"id":3111,"date":"2019-10-24T10:15:43","date_gmt":"2019-10-24T08:15:43","guid":{"rendered":"https:\/\/thecentral.lu\/smart-aparthotel-luxembourg-kirchberg\/tailored-concierge-services\/"},"modified":"2024-01-02T15:59:09","modified_gmt":"2024-01-02T14:59:09","slug":"services-conciergerie","status":"publish","type":"page","link":"https:\/\/thecentralapartments.fr\/smart-aparthotel-luxembourg-kirchberg\/services-conciergerie\/","title":{"rendered":"Services Suppl\u00e9mentaires"},"content":{"rendered":"<h1 class=\"page-title\">RED\u00c9FINIR L&rsquo;EXP\u00c9RIENCE DES CLIENTS<\/h1>\n<h2>Au The Central, nous nous engageons \u00e0 simplifier le quotidien des hommes et femmes d\u2019affaires et des voyageurs avertis avec des services sur mesure et des technologies de pointe.<\/h2>\n<hr \/>\n<h3><strong>Service de conciergerie<\/strong><\/h3>\n<p><strong>Le bureau de la r\u00e9ception de The Central Luxembourg est ouvert du lundi au vendredi de 9 h 00 \u00e0 18 h 00 <\/strong> notre concierge est un expert local et peut vous aider avec presque tous les probl\u00e8mes en relation avec votre voyage que vous pourriez rencontrer, alors n\u2019h\u00e9sitez pas \u00e0 demander ! Voici une liste non-exhaustive des choses que notre concierge peut faire pour vous:<\/p>\n<ul>\n<li>Fournir une assistance avant votre arriv\u00e9e en vous aidant \u00e0 organiser votre premier jour, y compris pour faire une r\u00e9servation au restaurant pour le d\u00eener;<\/li>\n<li>Vous recommander des moyens de vous rendre \u00e0 l\u02bca\u00e9roport \u00e0 moindre frais et vous trouver un moyen de transport alors qu\u2019aucun service n\u2019a l\u2019air disponible aux premiers abords  ;<\/li>\n<li>Vous aider \u00e0 vous divertir et vous amuser  en obtenant des billets pour des spectacles, en sugg\u00e9rant les meilleurs restaurants, bar \u00e0 happy hours et clubs ou en pr\u00e9parant votre appartement pour un d\u00eener romantique ;<\/li>\n<li>Vous proposer les plus beaux sites touristiques et activit\u00e9s tout en vous donnant des conseils pour  en profiter au maximum ;<\/li>\n<li>Vous aider \u00e0 faire votre travail en effectuant les t\u00e2ches de bureau, telles que l\u2019impression de documents, la mise en place d\u2019un service de messagerie, l\u2019envoi de colis ou la mise en place d\u2019un espace de r\u00e9union ;<\/li>\n<li>Recommander des personnes et services locaux tels que des gardiennes d\u2019enfants, des ateliers de r\u00e9paration automobile, des promeneurs de chien ;<\/li>\n<li>Organiser des services suppl\u00e9mentaires tels que le m\u00e9nage, le stockage de vos bagages ou la r\u00e9servation d\u2019un massage dans notre centre de bien-\u00eatre ;<\/li>\n<li>Organiser le lavage, le repassage, le nettoyage \u00e0 sec de vos v\u00eatements pour vous permettre de profiter de plus de temps libre.<\/li>\n<\/ul>\n<p>&nbsp;<\/p>\n<h3><strong>Enregistrement automatique 24 h \/ 24 et 7j \/ 7<\/strong><\/h3>\n<p><strong>Les clients de The Central Luxembourg peuvent compl\u00e8tement passer l\u2019\u00e9tape d\u2019enregistrement \u00e0 la r\u00e9ception <\/strong>s\u2019ils le souhaitent. Pour r\u00e9pondre \u00e0 un processus d\u2019enregistrement plus efficace et plus agr\u00e9able, en plus de la r\u00e9ception traditionnelle ouverte de 9 h 00 \u00e0 18 h 00, nous offrons \u00e0 nos clients la possibilit\u00e9 de s\u2019enregistrer 24 h \/ 24 et 7j \/ 7 \u00e0 l\u2019aide de leur <strong>appareil mobile<\/strong> en t\u00e9l\u00e9chargeant l&rsquo;application \u201cSALTO JustIN Mobile App\u201d (version iOS \/ version Android) sur leur smartphone, ou de notre borne d\u2019enregistrement automatique situ\u00e9 \u00e0 l&rsquo;entr\u00e9e du b\u00e2timent. L\u2019application Internet The Central Luxembourg vous permet de:<\/p>\n<ul>\n<li>Vous connecter en toute s\u00e9curit\u00e9 et trouver votre r\u00e9servation ;<\/li>\n<li>Choisir un surclassement pour votre chambre ;<\/li>\n<li>Remplir et signer num\u00e9riquement vos cartes d\u2019enregistrement ;<\/li>\n<li>Pr\u00e9-autoriser ou facturer directement vos cartes de cr\u00e9dit ;<\/li>\n<li>\u00c9mettre vos cartes \u00e9lectroniques pour les appartements ;<\/li>\n<\/ul>\n<p>&nbsp;<\/p>\n<h3><strong>Petit-d\u00e9jeuner Premium<\/strong><\/h3>\n<p>Fini le temps des petits-d\u00e9jeuners continentaux ennuyeux. Au lieu de cela, nous disons \u00ab bonjour \u00bb avec des aliments frais, authentiques et sains propos\u00e9s par notre s\u00e9lection de caf\u00e9s voisins et partenaires.  <\/p>\n<p>Menu :<\/p>\n<ul>\n<li>2 viennoiseries (1 croissant, 1 pain au chocolat)<\/li>\n<li>1 petit pain (environ 120 gr)<\/li>\n<li>Yogourt avec muesli (125 gr)<\/li>\n<li>Salade de fruits frais<\/li>\n<li>Jus d&rsquo;orange press\u00e9 \u00e0 la main (25 cl)<\/li>\n<li>Confiture (40 gr) et beurre (30 gr)<\/li>\n<\/ul>\n<p>Le panier de petit-d\u00e9jeuner sera livr\u00e9 du lundi au vendredi entre 7h30 et 8h00, directement \u00e0 la porte de votre appartement. Les commandes peuvent \u00eatre effectu\u00e9es sur notre syst\u00e8me de r\u00e9servation en ligne lors de la r\u00e9servation de votre appartement, ou en contactant notre concierge \u00e0 l&rsquo;adresse <a href=\"mailto:info@thecentral.lu\">info@thecentral.lu<\/a> avant votre arriv\u00e9e. Le service n&rsquo;est pas disponible le dimanche et les jours f\u00e9ri\u00e9s.<\/p>\n<p>&nbsp;<\/p>\n<h3><strong>Chef priv\u00e9<\/strong><\/h3>\n<p>Nos chefs exp\u00e9riment\u00e9s priv\u00e9s vous permettent de \u00ab louer un chef \u00bb et l\u2019ensemble de ses services, pour des occasions sp\u00e9ciales.<br \/>\n&nbsp;<br \/>\nService de chef priv\u00e9 \u00e0 domicile : laissez-les faire la cuisine pour vous !  Uniquement des ingr\u00e9dients frais, jamais transform\u00e9s, directement de la ferme \u00e0 la table.<br \/>\nImaginez\u2026 Vous rentrez \u00e0 la maison et sentez une d\u00e9licieuse odeur de nourriture, c\u2019est votre chef priv\u00e9 qui est d\u00e9j\u00e0 aux fourneaux, dans votre propre cuisine!<br \/>\n&nbsp;<br \/>\nC\u2019est un excellent moyen de donner une nouvelle touche de fra\u00eecheur \u00e0 un rendez-vous romantique, un d\u00eener en famille ou un d\u00e9jeuner entre amis. Nos chefs vous enverront des propositions de menu personnalis\u00e9es parmi lesquelles vous pourrez choisir.<br \/>\n&nbsp;<br \/>\nPour vous assurer que tout ce que vous avez \u00e0 faire est de vous amuser, ils vous fourniront \u00e9galement un service de table pour vous et vos invit\u00e9s et nettoieront avant de partir!<\/p>\n<p>&nbsp;<\/p>\n<h3><strong>Paniers de fruits et l\u00e9gumes <\/strong><\/h3>\n<p>Le bien-\u00eatre commence par une alimentation fruit\u00e9e et riche en vitamines : faites livrer des fruits et l\u00e9gumes frais directement \u00e0 votre appartement ! Profitez des bienfaits et de l\u2019\u00e9nergie qu\u2019apportent une alimentation saine, riche et \u00e9quilibr\u00e9e.<br \/>\n&nbsp;<br \/>\nVous pouvez choisir des paniers de diff\u00e9rentes tailles, soigneusement pr\u00e9par\u00e9s avec les meilleurs produits de saison et superbement pr\u00e9sent\u00e9s dans un arrangement color\u00e9.<\/p>\n","protected":false},"excerpt":{"rendered":"<p>RED\u00c9FINIR L&rsquo;EXP\u00c9RIENCE DES CLIENTS Au The Central, nous nous engageons \u00e0 simplifier le quotidien des hommes et femmes d\u2019affaires et des voyageurs avertis avec des services sur mesure et des technologies de pointe. Service de conciergerie Le bureau de la r\u00e9ception de The Central Luxembourg est ouvert du lundi au vendredi de 9 h 00 [&hellip;]<\/p>\n","protected":false},"author":1,"featured_media":0,"parent":0,"menu_order":70,"comment_status":"closed","ping_status":"closed","template":"template-SimpleText.php","meta":[],"acf":[],"yoast_head":"<!-- This site is optimized with the Yoast SEO plugin v20.8 - https:\/\/yoast.com\/wordpress\/plugins\/seo\/ -->\n<title>Appartements meubl\u00e9s de luxe Luxembourg | Enregistrement 24 h\/7 j | Conciergerie<\/title>\n<meta name=\"description\" content=\"Les services du The Central tailored comprennent l&#039;enregistement automatique avec la cl\u00e9 digitale, conciergerie, livraison du petit-d\u00e9jeuner, chef priv\u00e9 et bien plus...\" \/>\n<meta name=\"robots\" content=\"index, follow, max-snippet:-1, max-image-preview:large, max-video-preview:-1\" \/>\n<link rel=\"canonical\" href=\"https:\/\/thecentralapartments.fr\/smart-aparthotel-luxembourg-kirchberg\/services-conciergerie\/\" \/>\n<meta property=\"og:locale\" content=\"fr_FR\" \/>\n<meta property=\"og:type\" content=\"article\" \/>\n<meta property=\"og:title\" content=\"Appartements meubl\u00e9s de luxe Luxembourg | Enregistrement 24 h\/7 j | Conciergerie\" \/>\n<meta property=\"og:description\" content=\"Les services du The Central tailored comprennent l&#039;enregistement automatique avec la cl\u00e9 digitale, conciergerie, livraison du petit-d\u00e9jeuner, chef priv\u00e9 et bien plus...\" \/>\n<meta property=\"og:url\" content=\"https:\/\/thecentralapartments.fr\/smart-aparthotel-luxembourg-kirchberg\/services-conciergerie\/\" \/>\n<meta property=\"og:site_name\" content=\"The Central Luxembourg Kirchberg\" \/>\n<meta property=\"article:modified_time\" content=\"2024-01-02T14:59:09+00:00\" \/>\n<meta name=\"twitter:card\" content=\"summary_large_image\" \/>\n<meta name=\"twitter:label1\" content=\"Dur\u00e9e de lecture estim\u00e9e\" \/>\n\t<meta name=\"twitter:data1\" content=\"4 minutes\" \/>\n<script type=\"application\/ld+json\" class=\"yoast-schema-graph\">{\"@context\":\"https:\/\/schema.org\",\"@graph\":[{\"@type\":\"WebPage\",\"@id\":\"https:\/\/thecentralapartments.fr\/smart-aparthotel-luxembourg-kirchberg\/services-conciergerie\/\",\"url\":\"https:\/\/thecentralapartments.fr\/smart-aparthotel-luxembourg-kirchberg\/services-conciergerie\/\",\"name\":\"Appartements meubl\u00e9s de luxe Luxembourg | Enregistrement 24 h\/7 j | Conciergerie\",\"isPartOf\":{\"@id\":\"https:\/\/thecentralapartments.fr\/smart-aparthotel-luxembourg-kirchberg\/#website\"},\"datePublished\":\"2019-10-24T08:15:43+00:00\",\"dateModified\":\"2024-01-02T14:59:09+00:00\",\"description\":\"Les services du The Central tailored comprennent l'enregistement automatique avec la cl\u00e9 digitale, conciergerie, livraison du petit-d\u00e9jeuner, chef priv\u00e9 et bien plus...\",\"inLanguage\":\"fr-FR\",\"potentialAction\":[{\"@type\":\"ReadAction\",\"target\":[\"https:\/\/thecentralapartments.fr\/smart-aparthotel-luxembourg-kirchberg\/services-conciergerie\/\"]}]},{\"@type\":\"WebSite\",\"@id\":\"https:\/\/thecentralapartments.fr\/smart-aparthotel-luxembourg-kirchberg\/#website\",\"url\":\"https:\/\/thecentralapartments.fr\/smart-aparthotel-luxembourg-kirchberg\/\",\"name\":\"The Central Luxembourg Kirchberg\",\"description\":\"The Central Luxembourg Kirchberg\",\"publisher\":{\"@id\":\"https:\/\/thecentralapartments.fr\/smart-aparthotel-luxembourg-kirchberg\/#organization\"},\"potentialAction\":[{\"@type\":\"SearchAction\",\"target\":{\"@type\":\"EntryPoint\",\"urlTemplate\":\"https:\/\/thecentralapartments.fr\/smart-aparthotel-luxembourg-kirchberg\/?s={search_term_string}\"},\"query-input\":\"required name=search_term_string\"}],\"inLanguage\":\"fr-FR\"},{\"@type\":\"Organization\",\"@id\":\"https:\/\/thecentralapartments.fr\/smart-aparthotel-luxembourg-kirchberg\/#organization\",\"name\":\"The Central Luxembourg Kirchberg\",\"url\":\"https:\/\/thecentralapartments.fr\/smart-aparthotel-luxembourg-kirchberg\/\",\"logo\":{\"@type\":\"ImageObject\",\"inLanguage\":\"fr-FR\",\"@id\":\"https:\/\/thecentralapartments.fr\/smart-aparthotel-luxembourg-kirchberg\/#\/schema\/logo\/image\/\",\"url\":\"https:\/\/thecentralapartments.fr\/smart-aparthotel-luxembourg-kirchberg\/wp-content\/uploads\/2019\/06\/logo_the_central.png\",\"contentUrl\":\"https:\/\/thecentralapartments.fr\/smart-aparthotel-luxembourg-kirchberg\/wp-content\/uploads\/2019\/06\/logo_the_central.png\",\"width\":220,\"height\":60,\"caption\":\"The Central Luxembourg Kirchberg\"},\"image\":{\"@id\":\"https:\/\/thecentralapartments.fr\/smart-aparthotel-luxembourg-kirchberg\/#\/schema\/logo\/image\/\"}}]}<\/script>\n<!-- \/ Yoast SEO plugin. -->","yoast_head_json":{"title":"Appartements meubl\u00e9s de luxe Luxembourg | Enregistrement 24 h\/7 j | Conciergerie","description":"Les services du The Central tailored comprennent l'enregistement automatique avec la cl\u00e9 digitale, conciergerie, livraison du petit-d\u00e9jeuner, chef priv\u00e9 et bien plus...","robots":{"index":"index","follow":"follow","max-snippet":"max-snippet:-1","max-image-preview":"max-image-preview:large","max-video-preview":"max-video-preview:-1"},"canonical":"https:\/\/thecentralapartments.fr\/smart-aparthotel-luxembourg-kirchberg\/services-conciergerie\/","og_locale":"fr_FR","og_type":"article","og_title":"Appartements meubl\u00e9s de luxe Luxembourg | Enregistrement 24 h\/7 j | Conciergerie","og_description":"Les services du The Central tailored comprennent l'enregistement automatique avec la cl\u00e9 digitale, conciergerie, livraison du petit-d\u00e9jeuner, chef priv\u00e9 et bien plus...","og_url":"https:\/\/thecentralapartments.fr\/smart-aparthotel-luxembourg-kirchberg\/services-conciergerie\/","og_site_name":"The Central Luxembourg Kirchberg","article_modified_time":"2024-01-02T14:59:09+00:00","twitter_card":"summary_large_image","twitter_misc":{"Dur\u00e9e de lecture estim\u00e9e":"4 minutes"},"schema":{"@context":"https:\/\/schema.org","@graph":[{"@type":"WebPage","@id":"https:\/\/thecentralapartments.fr\/smart-aparthotel-luxembourg-kirchberg\/services-conciergerie\/","url":"https:\/\/thecentralapartments.fr\/smart-aparthotel-luxembourg-kirchberg\/services-conciergerie\/","name":"Appartements meubl\u00e9s de luxe Luxembourg | Enregistrement 24 h\/7 j | Conciergerie","isPartOf":{"@id":"https:\/\/thecentralapartments.fr\/smart-aparthotel-luxembourg-kirchberg\/#website"},"datePublished":"2019-10-24T08:15:43+00:00","dateModified":"2024-01-02T14:59:09+00:00","description":"Les services du The Central tailored comprennent l'enregistement automatique avec la cl\u00e9 digitale, conciergerie, livraison du petit-d\u00e9jeuner, chef priv\u00e9 et bien plus...","inLanguage":"fr-FR","potentialAction":[{"@type":"ReadAction","target":["https:\/\/thecentralapartments.fr\/smart-aparthotel-luxembourg-kirchberg\/services-conciergerie\/"]}]},{"@type":"WebSite","@id":"https:\/\/thecentralapartments.fr\/smart-aparthotel-luxembourg-kirchberg\/#website","url":"https:\/\/thecentralapartments.fr\/smart-aparthotel-luxembourg-kirchberg\/","name":"The Central Luxembourg Kirchberg","description":"The Central Luxembourg Kirchberg","publisher":{"@id":"https:\/\/thecentralapartments.fr\/smart-aparthotel-luxembourg-kirchberg\/#organization"},"potentialAction":[{"@type":"SearchAction","target":{"@type":"EntryPoint","urlTemplate":"https:\/\/thecentralapartments.fr\/smart-aparthotel-luxembourg-kirchberg\/?s={search_term_string}"},"query-input":"required name=search_term_string"}],"inLanguage":"fr-FR"},{"@type":"Organization","@id":"https:\/\/thecentralapartments.fr\/smart-aparthotel-luxembourg-kirchberg\/#organization","name":"The Central Luxembourg Kirchberg","url":"https:\/\/thecentralapartments.fr\/smart-aparthotel-luxembourg-kirchberg\/","logo":{"@type":"ImageObject","inLanguage":"fr-FR","@id":"https:\/\/thecentralapartments.fr\/smart-aparthotel-luxembourg-kirchberg\/#\/schema\/logo\/image\/","url":"https:\/\/thecentralapartments.fr\/smart-aparthotel-luxembourg-kirchberg\/wp-content\/uploads\/2019\/06\/logo_the_central.png","contentUrl":"https:\/\/thecentralapartments.fr\/smart-aparthotel-luxembourg-kirchberg\/wp-content\/uploads\/2019\/06\/logo_the_central.png","width":220,"height":60,"caption":"The Central Luxembourg Kirchberg"},"image":{"@id":"https:\/\/thecentralapartments.fr\/smart-aparthotel-luxembourg-kirchberg\/#\/schema\/logo\/image\/"}}]}},"_links":{"self":[{"href":"https:\/\/thecentralapartments.fr\/smart-aparthotel-luxembourg-kirchberg\/wp-json\/wp\/v2\/pages\/3111"}],"collection":[{"href":"https:\/\/thecentralapartments.fr\/smart-aparthotel-luxembourg-kirchberg\/wp-json\/wp\/v2\/pages"}],"about":[{"href":"https:\/\/thecentralapartments.fr\/smart-aparthotel-luxembourg-kirchberg\/wp-json\/wp\/v2\/types\/page"}],"author":[{"embeddable":true,"href":"https:\/\/thecentralapartments.fr\/smart-aparthotel-luxembourg-kirchberg\/wp-json\/wp\/v2\/users\/1"}],"replies":[{"embeddable":true,"href":"https:\/\/thecentralapartments.fr\/smart-aparthotel-luxembourg-kirchberg\/wp-json\/wp\/v2\/comments?post=3111"}],"version-history":[{"count":5,"href":"https:\/\/thecentralapartments.fr\/smart-aparthotel-luxembourg-kirchberg\/wp-json\/wp\/v2\/pages\/3111\/revisions"}],"predecessor-version":[{"id":13494,"href":"https:\/\/thecentralapartments.fr\/smart-aparthotel-luxembourg-kirchberg\/wp-json\/wp\/v2\/pages\/3111\/revisions\/13494"}],"wp:attachment":[{"href":"https:\/\/thecentralapartments.fr\/smart-aparthotel-luxembourg-kirchberg\/wp-json\/wp\/v2\/media?parent=3111"}],"curies":[{"name":"wp","href":"https:\/\/api.w.org\/{rel}","templated":true}]}}