{"id":3067,"date":"2019-08-28T11:05:25","date_gmt":"2019-08-28T09:05:25","guid":{"rendered":"https:\/\/thecentral.lu\/smart-aparthotel-luxembourg-kirchberg\/residence-suites\/studio-apartment-luxembourg-rental\/"},"modified":"2024-01-03T09:13:47","modified_gmt":"2024-01-03T08:13:47","slug":"location-appartment-studio","status":"publish","type":"page","link":"https:\/\/thecentralapartments.fr\/smart-aparthotel-luxembourg-kirchberg\/accomodation-types\/location-appartment-studio\/","title":{"rendered":"Studio"},"content":{"rendered":"","protected":false},"excerpt":{"rendered":"","protected":false},"author":1,"featured_media":0,"parent":3052,"menu_order":10,"comment_status":"closed","ping_status":"closed","template":"template-Apartments.php","meta":[],"acf":[],"yoast_head":"<!-- This site is optimized with the Yoast SEO plugin v20.8 - https:\/\/yoast.com\/wordpress\/plugins\/seo\/ -->\n<title>Location d&#039;un appartement studio au centre de Luxembourg-ville<\/title>\n<meta name=\"description\" content=\"Locations de studios meubl\u00e9s et \u00e9uip\u00e9s dans le district de la gare Luxembourg-ville. Disponibilit\u00e9 et r\u00e9servation en ligne!\" \/>\n<meta name=\"robots\" content=\"index, follow, max-snippet:-1, max-image-preview:large, max-video-preview:-1\" \/>\n<link rel=\"canonical\" href=\"https:\/\/thecentralapartments.fr\/smart-aparthotel-luxembourg-kirchberg\/accomodation-types\/location-appartment-studio\/\" \/>\n<meta property=\"og:locale\" content=\"fr_FR\" \/>\n<meta property=\"og:type\" content=\"article\" \/>\n<meta property=\"og:title\" content=\"Location d&#039;un appartement studio au centre de Luxembourg-ville\" \/>\n<meta property=\"og:description\" content=\"Locations de studios meubl\u00e9s et \u00e9uip\u00e9s dans le district de la gare Luxembourg-ville. Disponibilit\u00e9 et r\u00e9servation en ligne!\" \/>\n<meta property=\"og:url\" content=\"https:\/\/thecentralapartments.fr\/smart-aparthotel-luxembourg-kirchberg\/accomodation-types\/location-appartment-studio\/\" \/>\n<meta property=\"og:site_name\" content=\"The Central Luxembourg Kirchberg\" \/>\n<meta property=\"article:modified_time\" content=\"2024-01-03T08:13:47+00:00\" \/>\n<meta name=\"twitter:card\" content=\"summary_large_image\" \/>\n<script type=\"application\/ld+json\" class=\"yoast-schema-graph\">{\"@context\":\"https:\/\/schema.org\",\"@graph\":[{\"@type\":\"WebPage\",\"@id\":\"https:\/\/thecentralapartments.fr\/smart-aparthotel-luxembourg-kirchberg\/accomodation-types\/location-appartment-studio\/\",\"url\":\"https:\/\/thecentralapartments.fr\/smart-aparthotel-luxembourg-kirchberg\/accomodation-types\/location-appartment-studio\/\",\"name\":\"Location d'un appartement studio au centre de Luxembourg-ville\",\"isPartOf\":{\"@id\":\"https:\/\/thecentralapartments.fr\/smart-aparthotel-luxembourg-kirchberg\/#website\"},\"datePublished\":\"2019-08-28T09:05:25+00:00\",\"dateModified\":\"2024-01-03T08:13:47+00:00\",\"description\":\"Locations de studios meubl\u00e9s et \u00e9uip\u00e9s dans le district de la gare Luxembourg-ville. Disponibilit\u00e9 et r\u00e9servation en ligne!\",\"breadcrumb\":{\"@id\":\"https:\/\/thecentralapartments.fr\/smart-aparthotel-luxembourg-kirchberg\/accomodation-types\/location-appartment-studio\/#breadcrumb\"},\"inLanguage\":\"fr-FR\",\"potentialAction\":[{\"@type\":\"ReadAction\",\"target\":[\"https:\/\/thecentralapartments.fr\/smart-aparthotel-luxembourg-kirchberg\/accomodation-types\/location-appartment-studio\/\"]}]},{\"@type\":\"BreadcrumbList\",\"@id\":\"https:\/\/thecentralapartments.fr\/smart-aparthotel-luxembourg-kirchberg\/accomodation-types\/location-appartment-studio\/#breadcrumb\",\"itemListElement\":[{\"@type\":\"ListItem\",\"position\":1,\"name\":\"Suites de la R\u00e9sidence\",\"item\":\"https:\/\/thecentralapartments.fr\/smart-aparthotel-luxembourg-kirchberg\/accomodation-types\/\"},{\"@type\":\"ListItem\",\"position\":2,\"name\":\"Studio\"}]},{\"@type\":\"WebSite\",\"@id\":\"https:\/\/thecentralapartments.fr\/smart-aparthotel-luxembourg-kirchberg\/#website\",\"url\":\"https:\/\/thecentralapartments.fr\/smart-aparthotel-luxembourg-kirchberg\/\",\"name\":\"The Central Luxembourg Kirchberg\",\"description\":\"The Central Luxembourg Kirchberg\",\"publisher\":{\"@id\":\"https:\/\/thecentralapartments.fr\/smart-aparthotel-luxembourg-kirchberg\/#organization\"},\"potentialAction\":[{\"@type\":\"SearchAction\",\"target\":{\"@type\":\"EntryPoint\",\"urlTemplate\":\"https:\/\/thecentralapartments.fr\/smart-aparthotel-luxembourg-kirchberg\/?s={search_term_string}\"},\"query-input\":\"required name=search_term_string\"}],\"inLanguage\":\"fr-FR\"},{\"@type\":\"Organization\",\"@id\":\"https:\/\/thecentralapartments.fr\/smart-aparthotel-luxembourg-kirchberg\/#organization\",\"name\":\"The Central Luxembourg Kirchberg\",\"url\":\"https:\/\/thecentralapartments.fr\/smart-aparthotel-luxembourg-kirchberg\/\",\"logo\":{\"@type\":\"ImageObject\",\"inLanguage\":\"fr-FR\",\"@id\":\"https:\/\/thecentralapartments.fr\/smart-aparthotel-luxembourg-kirchberg\/#\/schema\/logo\/image\/\",\"url\":\"https:\/\/thecentralapartments.fr\/smart-aparthotel-luxembourg-kirchberg\/wp-content\/uploads\/2019\/06\/logo_the_central.png\",\"contentUrl\":\"https:\/\/thecentralapartments.fr\/smart-aparthotel-luxembourg-kirchberg\/wp-content\/uploads\/2019\/06\/logo_the_central.png\",\"width\":220,\"height\":60,\"caption\":\"The Central Luxembourg Kirchberg\"},\"image\":{\"@id\":\"https:\/\/thecentralapartments.fr\/smart-aparthotel-luxembourg-kirchberg\/#\/schema\/logo\/image\/\"}}]}<\/script>\n<!-- \/ Yoast SEO plugin. -->","yoast_head_json":{"title":"Location d'un appartement studio au centre de Luxembourg-ville","description":"Locations de studios meubl\u00e9s et \u00e9uip\u00e9s dans le district de la gare Luxembourg-ville. Disponibilit\u00e9 et r\u00e9servation en ligne!","robots":{"index":"index","follow":"follow","max-snippet":"max-snippet:-1","max-image-preview":"max-image-preview:large","max-video-preview":"max-video-preview:-1"},"canonical":"https:\/\/thecentralapartments.fr\/smart-aparthotel-luxembourg-kirchberg\/accomodation-types\/location-appartment-studio\/","og_locale":"fr_FR","og_type":"article","og_title":"Location d'un appartement studio au centre de Luxembourg-ville","og_description":"Locations de studios meubl\u00e9s et \u00e9uip\u00e9s dans le district de la gare Luxembourg-ville. Disponibilit\u00e9 et r\u00e9servation en ligne!","og_url":"https:\/\/thecentralapartments.fr\/smart-aparthotel-luxembourg-kirchberg\/accomodation-types\/location-appartment-studio\/","og_site_name":"The Central Luxembourg Kirchberg","article_modified_time":"2024-01-03T08:13:47+00:00","twitter_card":"summary_large_image","schema":{"@context":"https:\/\/schema.org","@graph":[{"@type":"WebPage","@id":"https:\/\/thecentralapartments.fr\/smart-aparthotel-luxembourg-kirchberg\/accomodation-types\/location-appartment-studio\/","url":"https:\/\/thecentralapartments.fr\/smart-aparthotel-luxembourg-kirchberg\/accomodation-types\/location-appartment-studio\/","name":"Location d'un appartement studio au centre de Luxembourg-ville","isPartOf":{"@id":"https:\/\/thecentralapartments.fr\/smart-aparthotel-luxembourg-kirchberg\/#website"},"datePublished":"2019-08-28T09:05:25+00:00","dateModified":"2024-01-03T08:13:47+00:00","description":"Locations de studios meubl\u00e9s et \u00e9uip\u00e9s dans le district de la gare Luxembourg-ville. Disponibilit\u00e9 et r\u00e9servation en ligne!","breadcrumb":{"@id":"https:\/\/thecentralapartments.fr\/smart-aparthotel-luxembourg-kirchberg\/accomodation-types\/location-appartment-studio\/#breadcrumb"},"inLanguage":"fr-FR","potentialAction":[{"@type":"ReadAction","target":["https:\/\/thecentralapartments.fr\/smart-aparthotel-luxembourg-kirchberg\/accomodation-types\/location-appartment-studio\/"]}]},{"@type":"BreadcrumbList","@id":"https:\/\/thecentralapartments.fr\/smart-aparthotel-luxembourg-kirchberg\/accomodation-types\/location-appartment-studio\/#breadcrumb","itemListElement":[{"@type":"ListItem","position":1,"name":"Suites de la R\u00e9sidence","item":"https:\/\/thecentralapartments.fr\/smart-aparthotel-luxembourg-kirchberg\/accomodation-types\/"},{"@type":"ListItem","position":2,"name":"Studio"}]},{"@type":"WebSite","@id":"https:\/\/thecentralapartments.fr\/smart-aparthotel-luxembourg-kirchberg\/#website","url":"https:\/\/thecentralapartments.fr\/smart-aparthotel-luxembourg-kirchberg\/","name":"The Central Luxembourg Kirchberg","description":"The Central Luxembourg Kirchberg","publisher":{"@id":"https:\/\/thecentralapartments.fr\/smart-aparthotel-luxembourg-kirchberg\/#organization"},"potentialAction":[{"@type":"SearchAction","target":{"@type":"EntryPoint","urlTemplate":"https:\/\/thecentralapartments.fr\/smart-aparthotel-luxembourg-kirchberg\/?s={search_term_string}"},"query-input":"required name=search_term_string"}],"inLanguage":"fr-FR"},{"@type":"Organization","@id":"https:\/\/thecentralapartments.fr\/smart-aparthotel-luxembourg-kirchberg\/#organization","name":"The Central Luxembourg Kirchberg","url":"https:\/\/thecentralapartments.fr\/smart-aparthotel-luxembourg-kirchberg\/","logo":{"@type":"ImageObject","inLanguage":"fr-FR","@id":"https:\/\/thecentralapartments.fr\/smart-aparthotel-luxembourg-kirchberg\/#\/schema\/logo\/image\/","url":"https:\/\/thecentralapartments.fr\/smart-aparthotel-luxembourg-kirchberg\/wp-content\/uploads\/2019\/06\/logo_the_central.png","contentUrl":"https:\/\/thecentralapartments.fr\/smart-aparthotel-luxembourg-kirchberg\/wp-content\/uploads\/2019\/06\/logo_the_central.png","width":220,"height":60,"caption":"The Central Luxembourg Kirchberg"},"image":{"@id":"https:\/\/thecentralapartments.fr\/smart-aparthotel-luxembourg-kirchberg\/#\/schema\/logo\/image\/"}}]}},"_links":{"self":[{"href":"https:\/\/thecentralapartments.fr\/smart-aparthotel-luxembourg-kirchberg\/wp-json\/wp\/v2\/pages\/3067"}],"collection":[{"href":"https:\/\/thecentralapartments.fr\/smart-aparthotel-luxembourg-kirchberg\/wp-json\/wp\/v2\/pages"}],"about":[{"href":"https:\/\/thecentralapartments.fr\/smart-aparthotel-luxembourg-kirchberg\/wp-json\/wp\/v2\/types\/page"}],"author":[{"embeddable":true,"href":"https:\/\/thecentralapartments.fr\/smart-aparthotel-luxembourg-kirchberg\/wp-json\/wp\/v2\/users\/1"}],"replies":[{"embeddable":true,"href":"https:\/\/thecentralapartments.fr\/smart-aparthotel-luxembourg-kirchberg\/wp-json\/wp\/v2\/comments?post=3067"}],"version-history":[{"count":25,"href":"https:\/\/thecentralapartments.fr\/smart-aparthotel-luxembourg-kirchberg\/wp-json\/wp\/v2\/pages\/3067\/revisions"}],"predecessor-version":[{"id":13510,"href":"https:\/\/thecentralapartments.fr\/smart-aparthotel-luxembourg-kirchberg\/wp-json\/wp\/v2\/pages\/3067\/revisions\/13510"}],"up":[{"embeddable":true,"href":"https:\/\/thecentralapartments.fr\/smart-aparthotel-luxembourg-kirchberg\/wp-json\/wp\/v2\/pages\/3052"}],"wp:attachment":[{"href":"https:\/\/thecentralapartments.fr\/smart-aparthotel-luxembourg-kirchberg\/wp-json\/wp\/v2\/media?parent=3067"}],"curies":[{"name":"wp","href":"https:\/\/api.w.org\/{rel}","templated":true}]}}