{"id":3052,"date":"2019-09-06T09:24:15","date_gmt":"2019-09-06T07:24:15","guid":{"rendered":"https:\/\/thecentral.lu\/smart-aparthotel-luxembourg-kirchberg\/residence-suites\/"},"modified":"2024-01-03T12:49:46","modified_gmt":"2024-01-03T11:49:46","slug":"accomodation-types","status":"publish","type":"page","link":"https:\/\/thecentralapartments.fr\/smart-aparthotel-luxembourg-kirchberg\/accomodation-types\/","title":{"rendered":"Suites de la R\u00e9sidence"},"content":{"rendered":"","protected":false},"excerpt":{"rendered":"","protected":false},"author":1,"featured_media":0,"parent":0,"menu_order":20,"comment_status":"closed","ping_status":"closed","template":"template-Suites.php","meta":[],"acf":[],"yoast_head":"<!-- This site is optimized with the Yoast SEO plugin v20.8 - https:\/\/yoast.com\/wordpress\/plugins\/seo\/ -->\n<title>Apart h\u00f4tel de luxe \u00e0 la gare du Luxembourg | Suites de r\u00e9sidence \u00e0 Luxembourg-ville<\/title>\n<meta name=\"description\" content=\"Apart h\u00f4tel au centre du Luxembourg avec une conciergerie et proposant des logements pour une courte ou longue dur\u00e9e pour les voyagers de loisirs ou d&#039;affaires.\" \/>\n<meta name=\"robots\" content=\"index, follow, max-snippet:-1, max-image-preview:large, max-video-preview:-1\" \/>\n<link rel=\"canonical\" href=\"https:\/\/thecentralapartments.fr\/smart-aparthotel-luxembourg-kirchberg\/accomodation-types\/\" \/>\n<meta property=\"og:locale\" content=\"fr_FR\" \/>\n<meta property=\"og:type\" content=\"article\" \/>\n<meta property=\"og:title\" content=\"Apart h\u00f4tel de luxe \u00e0 la gare du Luxembourg | Suites de r\u00e9sidence \u00e0 Luxembourg-ville\" \/>\n<meta property=\"og:description\" content=\"Apart h\u00f4tel au centre du Luxembourg avec une conciergerie et proposant des logements pour une courte ou longue dur\u00e9e pour les voyagers de loisirs ou d&#039;affaires.\" \/>\n<meta property=\"og:url\" content=\"https:\/\/thecentralapartments.fr\/smart-aparthotel-luxembourg-kirchberg\/accomodation-types\/\" \/>\n<meta property=\"og:site_name\" content=\"The Central Luxembourg Kirchberg\" \/>\n<meta property=\"article:modified_time\" content=\"2024-01-03T11:49:46+00:00\" \/>\n<meta name=\"twitter:card\" content=\"summary_large_image\" \/>\n<script type=\"application\/ld+json\" class=\"yoast-schema-graph\">{\"@context\":\"https:\/\/schema.org\",\"@graph\":[{\"@type\":\"WebPage\",\"@id\":\"https:\/\/thecentralapartments.fr\/smart-aparthotel-luxembourg-kirchberg\/accomodation-types\/\",\"url\":\"https:\/\/thecentralapartments.fr\/smart-aparthotel-luxembourg-kirchberg\/accomodation-types\/\",\"name\":\"Apart h\u00f4tel de luxe \u00e0 la gare du Luxembourg | Suites de r\u00e9sidence \u00e0 Luxembourg-ville\",\"isPartOf\":{\"@id\":\"https:\/\/thecentralapartments.fr\/smart-aparthotel-luxembourg-kirchberg\/#website\"},\"datePublished\":\"2019-09-06T07:24:15+00:00\",\"dateModified\":\"2024-01-03T11:49:46+00:00\",\"description\":\"Apart h\u00f4tel au centre du Luxembourg avec une conciergerie et proposant des logements pour une courte ou longue dur\u00e9e pour les voyagers de loisirs ou d'affaires.\",\"inLanguage\":\"fr-FR\",\"potentialAction\":[{\"@type\":\"ReadAction\",\"target\":[\"https:\/\/thecentralapartments.fr\/smart-aparthotel-luxembourg-kirchberg\/accomodation-types\/\"]}]},{\"@type\":\"WebSite\",\"@id\":\"https:\/\/thecentralapartments.fr\/smart-aparthotel-luxembourg-kirchberg\/#website\",\"url\":\"https:\/\/thecentralapartments.fr\/smart-aparthotel-luxembourg-kirchberg\/\",\"name\":\"The Central Luxembourg Kirchberg\",\"description\":\"The Central Luxembourg Kirchberg\",\"publisher\":{\"@id\":\"https:\/\/thecentralapartments.fr\/smart-aparthotel-luxembourg-kirchberg\/#organization\"},\"potentialAction\":[{\"@type\":\"SearchAction\",\"target\":{\"@type\":\"EntryPoint\",\"urlTemplate\":\"https:\/\/thecentralapartments.fr\/smart-aparthotel-luxembourg-kirchberg\/?s={search_term_string}\"},\"query-input\":\"required name=search_term_string\"}],\"inLanguage\":\"fr-FR\"},{\"@type\":\"Organization\",\"@id\":\"https:\/\/thecentralapartments.fr\/smart-aparthotel-luxembourg-kirchberg\/#organization\",\"name\":\"The Central Luxembourg Kirchberg\",\"url\":\"https:\/\/thecentralapartments.fr\/smart-aparthotel-luxembourg-kirchberg\/\",\"logo\":{\"@type\":\"ImageObject\",\"inLanguage\":\"fr-FR\",\"@id\":\"https:\/\/thecentralapartments.fr\/smart-aparthotel-luxembourg-kirchberg\/#\/schema\/logo\/image\/\",\"url\":\"https:\/\/thecentralapartments.fr\/smart-aparthotel-luxembourg-kirchberg\/wp-content\/uploads\/2019\/06\/logo_the_central.png\",\"contentUrl\":\"https:\/\/thecentralapartments.fr\/smart-aparthotel-luxembourg-kirchberg\/wp-content\/uploads\/2019\/06\/logo_the_central.png\",\"width\":220,\"height\":60,\"caption\":\"The Central Luxembourg Kirchberg\"},\"image\":{\"@id\":\"https:\/\/thecentralapartments.fr\/smart-aparthotel-luxembourg-kirchberg\/#\/schema\/logo\/image\/\"}}]}<\/script>\n<!-- \/ Yoast SEO plugin. -->","yoast_head_json":{"title":"Apart h\u00f4tel de luxe \u00e0 la gare du Luxembourg | Suites de r\u00e9sidence \u00e0 Luxembourg-ville","description":"Apart h\u00f4tel au centre du Luxembourg avec une conciergerie et proposant des logements pour une courte ou longue dur\u00e9e pour les voyagers de loisirs ou d'affaires.","robots":{"index":"index","follow":"follow","max-snippet":"max-snippet:-1","max-image-preview":"max-image-preview:large","max-video-preview":"max-video-preview:-1"},"canonical":"https:\/\/thecentralapartments.fr\/smart-aparthotel-luxembourg-kirchberg\/accomodation-types\/","og_locale":"fr_FR","og_type":"article","og_title":"Apart h\u00f4tel de luxe \u00e0 la gare du Luxembourg | Suites de r\u00e9sidence \u00e0 Luxembourg-ville","og_description":"Apart h\u00f4tel au centre du Luxembourg avec une conciergerie et proposant des logements pour une courte ou longue dur\u00e9e pour les voyagers de loisirs ou d'affaires.","og_url":"https:\/\/thecentralapartments.fr\/smart-aparthotel-luxembourg-kirchberg\/accomodation-types\/","og_site_name":"The Central Luxembourg Kirchberg","article_modified_time":"2024-01-03T11:49:46+00:00","twitter_card":"summary_large_image","schema":{"@context":"https:\/\/schema.org","@graph":[{"@type":"WebPage","@id":"https:\/\/thecentralapartments.fr\/smart-aparthotel-luxembourg-kirchberg\/accomodation-types\/","url":"https:\/\/thecentralapartments.fr\/smart-aparthotel-luxembourg-kirchberg\/accomodation-types\/","name":"Apart h\u00f4tel de luxe \u00e0 la gare du Luxembourg | Suites de r\u00e9sidence \u00e0 Luxembourg-ville","isPartOf":{"@id":"https:\/\/thecentralapartments.fr\/smart-aparthotel-luxembourg-kirchberg\/#website"},"datePublished":"2019-09-06T07:24:15+00:00","dateModified":"2024-01-03T11:49:46+00:00","description":"Apart h\u00f4tel au centre du Luxembourg avec une conciergerie et proposant des logements pour une courte ou longue dur\u00e9e pour les voyagers de loisirs ou d'affaires.","inLanguage":"fr-FR","potentialAction":[{"@type":"ReadAction","target":["https:\/\/thecentralapartments.fr\/smart-aparthotel-luxembourg-kirchberg\/accomodation-types\/"]}]},{"@type":"WebSite","@id":"https:\/\/thecentralapartments.fr\/smart-aparthotel-luxembourg-kirchberg\/#website","url":"https:\/\/thecentralapartments.fr\/smart-aparthotel-luxembourg-kirchberg\/","name":"The Central Luxembourg Kirchberg","description":"The Central Luxembourg Kirchberg","publisher":{"@id":"https:\/\/thecentralapartments.fr\/smart-aparthotel-luxembourg-kirchberg\/#organization"},"potentialAction":[{"@type":"SearchAction","target":{"@type":"EntryPoint","urlTemplate":"https:\/\/thecentralapartments.fr\/smart-aparthotel-luxembourg-kirchberg\/?s={search_term_string}"},"query-input":"required name=search_term_string"}],"inLanguage":"fr-FR"},{"@type":"Organization","@id":"https:\/\/thecentralapartments.fr\/smart-aparthotel-luxembourg-kirchberg\/#organization","name":"The Central Luxembourg Kirchberg","url":"https:\/\/thecentralapartments.fr\/smart-aparthotel-luxembourg-kirchberg\/","logo":{"@type":"ImageObject","inLanguage":"fr-FR","@id":"https:\/\/thecentralapartments.fr\/smart-aparthotel-luxembourg-kirchberg\/#\/schema\/logo\/image\/","url":"https:\/\/thecentralapartments.fr\/smart-aparthotel-luxembourg-kirchberg\/wp-content\/uploads\/2019\/06\/logo_the_central.png","contentUrl":"https:\/\/thecentralapartments.fr\/smart-aparthotel-luxembourg-kirchberg\/wp-content\/uploads\/2019\/06\/logo_the_central.png","width":220,"height":60,"caption":"The Central Luxembourg Kirchberg"},"image":{"@id":"https:\/\/thecentralapartments.fr\/smart-aparthotel-luxembourg-kirchberg\/#\/schema\/logo\/image\/"}}]}},"_links":{"self":[{"href":"https:\/\/thecentralapartments.fr\/smart-aparthotel-luxembourg-kirchberg\/wp-json\/wp\/v2\/pages\/3052"}],"collection":[{"href":"https:\/\/thecentralapartments.fr\/smart-aparthotel-luxembourg-kirchberg\/wp-json\/wp\/v2\/pages"}],"about":[{"href":"https:\/\/thecentralapartments.fr\/smart-aparthotel-luxembourg-kirchberg\/wp-json\/wp\/v2\/types\/page"}],"author":[{"embeddable":true,"href":"https:\/\/thecentralapartments.fr\/smart-aparthotel-luxembourg-kirchberg\/wp-json\/wp\/v2\/users\/1"}],"replies":[{"embeddable":true,"href":"https:\/\/thecentralapartments.fr\/smart-aparthotel-luxembourg-kirchberg\/wp-json\/wp\/v2\/comments?post=3052"}],"version-history":[{"count":21,"href":"https:\/\/thecentralapartments.fr\/smart-aparthotel-luxembourg-kirchberg\/wp-json\/wp\/v2\/pages\/3052\/revisions"}],"predecessor-version":[{"id":13533,"href":"https:\/\/thecentralapartments.fr\/smart-aparthotel-luxembourg-kirchberg\/wp-json\/wp\/v2\/pages\/3052\/revisions\/13533"}],"wp:attachment":[{"href":"https:\/\/thecentralapartments.fr\/smart-aparthotel-luxembourg-kirchberg\/wp-json\/wp\/v2\/media?parent=3052"}],"curies":[{"name":"wp","href":"https:\/\/api.w.org\/{rel}","templated":true}]}}