{"id":13072,"date":"2024-01-02T16:37:28","date_gmt":"2024-01-02T15:37:28","guid":{"rendered":"https:\/\/thecentral.lu\/smart-aparthotel-luxembourg-kirchberg\/?page_id=13072"},"modified":"2024-01-03T12:53:18","modified_gmt":"2024-01-03T11:53:18","slug":"moving-to-luxembourg","status":"publish","type":"page","link":"https:\/\/thecentralapartments.fr\/smart-aparthotel-luxembourg-kirchberg\/moving-to-luxembourg\/","title":{"rendered":"Moving to luxembourg"},"content":{"rendered":"<h1 class=\"page-title\">VOUS D\u00c9M\u00c9NAGEZ AU LUXEMBOURG ? LA RELOCATION EST FACILE AVEC LES APPARTEMENTS DU CENTRAL!<\/h1>\n<p>&nbsp;<\/p>\n<h2>Le Central est la solution de logement id\u00e9ale pour tous ceux qui d\u00e9m\u00e9nagent \u00e0 Luxembourg : Les expatri\u00e9s, les employ\u00e9s d\u2019entreprise et les agences de relocalisation.<\/h2>\n<p>&nbsp;<\/p>\n<p><strong>Qu&rsquo;est-ce que The Central?<\/strong><br \/>\n&nbsp;<br \/>\nThe Central Aparthotels offrent le confort et l&rsquo;intimit\u00e9 d&rsquo;un appartement design enti\u00e8rement meubl\u00e9 avec la commodit\u00e9 des services d&rsquo;un h\u00f4tel de luxe, qui comprend des installations telles qu&rsquo;un parking priv\u00e9 et un espace de remise en forme Technogym, ainsi qu&rsquo;un service de m\u00e9nage hebdomadaire et un bureau de r\u00e9ception ouvert 7j\/7 pour garantir \u00e0 tous nos clients un s\u00e9jour des plus confortables.<br \/>\n&nbsp;<br \/>\nLe Central Aparthotels propose 114 appartements de style contemporain, enti\u00e8rement \u00e9quip\u00e9s, situ\u00e9s dans deux b\u00e2timents au c\u0153ur de la ville de Luxembourg, avec des prix, des dimensions et des caract\u00e9ristiques diff\u00e9rents, y compris un service de conciergerie personnalis\u00e9 et des \u00e9quipements de haute technologie. L&rsquo;acc\u00e8s \u00e0 nos deux propri\u00e9t\u00e9s ne pourrait \u00eatre plus facile : nous sommes situ\u00e9s au centre, \u00e0 proximit\u00e9 des principaux transports en commun et nous offrons \u00e9galement un grand parking int\u00e9rieur priv\u00e9. Tous nos appartements sont \u00e9quip\u00e9s de serrures connect\u00e9es \u201cSmart Lock\u201d qui permettent \u00e0 nos clients de s&rsquo;enregistrer \u00e0 tout moment avec des Cl\u00e9s Virtuelles.<\/p>\n<p>&nbsp;<\/p>\n<p><strong>A qui s&rsquo;adresse The Central?<\/strong><br \/>\n&nbsp;<br \/>\nThe Central Aparthotel a \u00e9t\u00e9 con\u00e7u pour accueillir \u00e0 la fois des clients en voyage d&rsquo;affaires (pour des s\u00e9jours de courte dur\u00e9e) et des personnes venant de l&rsquo;\u00e9tranger pour s&rsquo;installer dans la ville de Luxembourg (pour des s\u00e9jours de longue dur\u00e9e).<\/p>\n<p>&nbsp;<\/p>\n<p><strong>Comment votre entreprise peut-elle b\u00e9n\u00e9ficier de The Central?<\/strong><br \/>\n&nbsp;<br \/>\nNous sommes l&rsquo;alternative aux h\u00f4tels pour les voyages d&rsquo;affaires et de loisirs \u00e0 Luxembourg-Ville :<\/p>\n<ul>\n<li>Nous offrons le plus grand choix d&rsquo;appartements confortables, flambant neufs et dot\u00e9s d&rsquo;\u00e9quipements de haute technologie au Luxembourg<\/li>\n<li>Un syst\u00e8me de r\u00e9servation en ligne simple et un service client\u00e8le disponible 24h\/24 et 7j\/7 permettent \u00e0 votre entreprise de gagner un temps pr\u00e9cieux.<\/li>\n<li>Des prix transparents et clairs : les tarifs sont tout compris (service de conciergerie, charges, commodit\u00e9s, m\u00e9nage hebdomadaire, linge et serviettes, etc.)!<\/li>\n<li>Un bureau d\u00e9di\u00e9 \u00e0 l&rsquo;assistance aux entreprises, qui anticipe et d\u00e9passe les besoins de votre compagnie.<\/li>\n<\/ul>\n<p>&nbsp;<\/p>\n<p><strong>Comment vos employ\u00e9s peuvent-ils b\u00e9n\u00e9ficier de The Central?<\/strong><br \/>\n&nbsp;<br \/>\nNous croyons qu&rsquo;il est possible d\u2019enrichir le style de vie actif de nos clients. Nous nous engageons \u00e0 fournir des solutions d&rsquo;accueil qui simplifient la vie quotidienne des hommes et femmes d&rsquo;affaires et des voyageurs avertis: <\/p>\n<ul>\n<li>Nous offrons un v\u00e9ritable \u00ab\u00a0chez-soi loin de chez soi\u00a0\u00bb avec les avantages d&rsquo;un service de conciergerie h\u00f4teli\u00e8re.<\/li>\n<li>Nous aidons les personnes qui s&rsquo;installent au Luxembourg en leur proposant un processus d&#8217;emm\u00e9nagement simple et des co\u00fbts d&rsquo;entr\u00e9e inf\u00e9rieurs \u00e0 ceux des locations classiques.<\/li>\n<li>Les logements, les installations et les services de The Central sont con\u00e7us pour favoriser un mode de vie sain, am\u00e9liorant ainsi la carri\u00e8re et le bien-\u00eatre des employ\u00e9s.<\/li>\n<li>The Central est un p\u00f4le social et une plateforme pour des exp\u00e9riences extraordinaires, un r\u00e9seau de voyageurs d&rsquo;affaires avertis qui affectionnent un mode de vie actif.<\/li>\n<li>Nous proposons des espaces communs con\u00e7us pour d\u00e9compresser apr\u00e8s une dure journ\u00e9e de travail.<\/li>\n<\/ul>\n<p>&nbsp;<\/p>\n<p><strong>O\u00f9 se situe The Central?<\/strong><br \/>\n&nbsp;<br \/>\n<a href=\"https:\/\/thecentral.lu\/luxury-apartments-luxembourg-city\">The Central Luxembourg City Center, au 3-5 Avenue de la Gare, 1611 Luxembourg<\/a>: r\u00e9sidence design flambant neuve offrant au total 28 appartements de luxe avec un service de conciergerie sur mesure. Notre propri\u00e9t\u00e9 phare offre le meilleur h\u00e9bergement dans la ville de Luxembourg.<br \/>\n&nbsp;<br \/>\n<a href=\"https:\/\/thecentral.lu\/smart-aparthotel-luxembourg-kirchberg\">Le Central Luxembourg Kirchberg, situ\u00e9 au 5 rue du Kiem, 1857 Luxembourg<\/a>: aparthotel tout neuf proposant 86 appartements \u00e9l\u00e9gants. Il s&rsquo;agit d&rsquo;appartements plus abordables et tr\u00e8s pratiques, avec un bureau de r\u00e9ception ouvert 7 jours sur 7, situ\u00e9s dans le quartier des affaires, \u00e0 5 minutes de l&rsquo;a\u00e9roport et du centre-ville.<br \/>\n&nbsp;<br \/>\nSi vous \u00eates int\u00e9ress\u00e9, veuillez consulter notre site web et n&rsquo;h\u00e9sitez pas \u00e0 nous contacter pour plus de d\u00e9tails ou pour organiser une visite sur place.<br \/>\nNous nous r\u00e9jouissons de vous rencontrer!<\/p>\n","protected":false},"excerpt":{"rendered":"<p>VOUS D\u00c9M\u00c9NAGEZ AU LUXEMBOURG ? LA RELOCATION EST FACILE AVEC LES APPARTEMENTS DU CENTRAL! &nbsp; Le Central est la solution de logement id\u00e9ale pour tous ceux qui d\u00e9m\u00e9nagent \u00e0 Luxembourg : Les expatri\u00e9s, les employ\u00e9s d\u2019entreprise et les agences de relocalisation. &nbsp; Qu&rsquo;est-ce que The Central? &nbsp; The Central Aparthotels offrent le confort et l&rsquo;intimit\u00e9 [&hellip;]<\/p>\n","protected":false},"author":1,"featured_media":0,"parent":0,"menu_order":70,"comment_status":"closed","ping_status":"closed","template":"template-SimpleText.php","meta":[],"acf":[],"yoast_head":"<!-- This site is optimized with the Yoast SEO plugin v20.8 - https:\/\/yoast.com\/wordpress\/plugins\/seo\/ -->\n<title>The Central adopts the certified measures against Covid-19<\/title>\n<meta name=\"description\" content=\"We want our guests and our residents to know that we are ready to welcome them in a safe and clean environment. At The Central we be using the highest classification of disinfectants recommended by the Centre for Disease Control and Prevention and World Health Organization to treat known pathogens.\" \/>\n<meta name=\"robots\" content=\"index, follow, max-snippet:-1, max-image-preview:large, max-video-preview:-1\" \/>\n<link rel=\"canonical\" href=\"https:\/\/thecentralapartments.fr\/smart-aparthotel-luxembourg-kirchberg\/moving-to-luxembourg\/\" \/>\n<meta property=\"og:locale\" content=\"fr_FR\" \/>\n<meta property=\"og:type\" content=\"article\" \/>\n<meta property=\"og:title\" content=\"The Central adopts the certified measures against Covid-19\" \/>\n<meta property=\"og:description\" content=\"We want our guests and our residents to know that we are ready to welcome them in a safe and clean environment. At The Central we be using the highest classification of disinfectants recommended by the Centre for Disease Control and Prevention and World Health Organization to treat known pathogens.\" \/>\n<meta property=\"og:url\" content=\"https:\/\/thecentralapartments.fr\/smart-aparthotel-luxembourg-kirchberg\/moving-to-luxembourg\/\" \/>\n<meta property=\"og:site_name\" content=\"The Central Luxembourg Kirchberg\" \/>\n<meta property=\"article:modified_time\" content=\"2024-01-03T11:53:18+00:00\" \/>\n<meta name=\"twitter:card\" content=\"summary_large_image\" \/>\n<meta name=\"twitter:label1\" content=\"Dur\u00e9e de lecture estim\u00e9e\" \/>\n\t<meta name=\"twitter:data1\" content=\"3 minutes\" \/>\n<script type=\"application\/ld+json\" class=\"yoast-schema-graph\">{\"@context\":\"https:\/\/schema.org\",\"@graph\":[{\"@type\":\"WebPage\",\"@id\":\"https:\/\/thecentralapartments.fr\/smart-aparthotel-luxembourg-kirchberg\/moving-to-luxembourg\/\",\"url\":\"https:\/\/thecentralapartments.fr\/smart-aparthotel-luxembourg-kirchberg\/moving-to-luxembourg\/\",\"name\":\"The Central adopts the certified measures against Covid-19\",\"isPartOf\":{\"@id\":\"https:\/\/thecentralapartments.fr\/smart-aparthotel-luxembourg-kirchberg\/#website\"},\"datePublished\":\"2024-01-02T15:37:28+00:00\",\"dateModified\":\"2024-01-03T11:53:18+00:00\",\"description\":\"We want our guests and our residents to know that we are ready to welcome them in a safe and clean environment. At The Central we be using the highest classification of disinfectants recommended by the Centre for Disease Control and Prevention and World Health Organization to treat known pathogens.\",\"inLanguage\":\"fr-FR\",\"potentialAction\":[{\"@type\":\"ReadAction\",\"target\":[\"https:\/\/thecentralapartments.fr\/smart-aparthotel-luxembourg-kirchberg\/moving-to-luxembourg\/\"]}]},{\"@type\":\"WebSite\",\"@id\":\"https:\/\/thecentralapartments.fr\/smart-aparthotel-luxembourg-kirchberg\/#website\",\"url\":\"https:\/\/thecentralapartments.fr\/smart-aparthotel-luxembourg-kirchberg\/\",\"name\":\"The Central Luxembourg Kirchberg\",\"description\":\"The Central Luxembourg Kirchberg\",\"publisher\":{\"@id\":\"https:\/\/thecentralapartments.fr\/smart-aparthotel-luxembourg-kirchberg\/#organization\"},\"potentialAction\":[{\"@type\":\"SearchAction\",\"target\":{\"@type\":\"EntryPoint\",\"urlTemplate\":\"https:\/\/thecentralapartments.fr\/smart-aparthotel-luxembourg-kirchberg\/?s={search_term_string}\"},\"query-input\":\"required name=search_term_string\"}],\"inLanguage\":\"fr-FR\"},{\"@type\":\"Organization\",\"@id\":\"https:\/\/thecentralapartments.fr\/smart-aparthotel-luxembourg-kirchberg\/#organization\",\"name\":\"The Central Luxembourg Kirchberg\",\"url\":\"https:\/\/thecentralapartments.fr\/smart-aparthotel-luxembourg-kirchberg\/\",\"logo\":{\"@type\":\"ImageObject\",\"inLanguage\":\"fr-FR\",\"@id\":\"https:\/\/thecentralapartments.fr\/smart-aparthotel-luxembourg-kirchberg\/#\/schema\/logo\/image\/\",\"url\":\"https:\/\/thecentralapartments.fr\/smart-aparthotel-luxembourg-kirchberg\/wp-content\/uploads\/2019\/06\/logo_the_central.png\",\"contentUrl\":\"https:\/\/thecentralapartments.fr\/smart-aparthotel-luxembourg-kirchberg\/wp-content\/uploads\/2019\/06\/logo_the_central.png\",\"width\":220,\"height\":60,\"caption\":\"The Central Luxembourg Kirchberg\"},\"image\":{\"@id\":\"https:\/\/thecentralapartments.fr\/smart-aparthotel-luxembourg-kirchberg\/#\/schema\/logo\/image\/\"}}]}<\/script>\n<!-- \/ Yoast SEO plugin. -->","yoast_head_json":{"title":"The Central adopts the certified measures against Covid-19","description":"We want our guests and our residents to know that we are ready to welcome them in a safe and clean environment. At The Central we be using the highest classification of disinfectants recommended by the Centre for Disease Control and Prevention and World Health Organization to treat known pathogens.","robots":{"index":"index","follow":"follow","max-snippet":"max-snippet:-1","max-image-preview":"max-image-preview:large","max-video-preview":"max-video-preview:-1"},"canonical":"https:\/\/thecentralapartments.fr\/smart-aparthotel-luxembourg-kirchberg\/moving-to-luxembourg\/","og_locale":"fr_FR","og_type":"article","og_title":"The Central adopts the certified measures against Covid-19","og_description":"We want our guests and our residents to know that we are ready to welcome them in a safe and clean environment. At The Central we be using the highest classification of disinfectants recommended by the Centre for Disease Control and Prevention and World Health Organization to treat known pathogens.","og_url":"https:\/\/thecentralapartments.fr\/smart-aparthotel-luxembourg-kirchberg\/moving-to-luxembourg\/","og_site_name":"The Central Luxembourg Kirchberg","article_modified_time":"2024-01-03T11:53:18+00:00","twitter_card":"summary_large_image","twitter_misc":{"Dur\u00e9e de lecture estim\u00e9e":"3 minutes"},"schema":{"@context":"https:\/\/schema.org","@graph":[{"@type":"WebPage","@id":"https:\/\/thecentralapartments.fr\/smart-aparthotel-luxembourg-kirchberg\/moving-to-luxembourg\/","url":"https:\/\/thecentralapartments.fr\/smart-aparthotel-luxembourg-kirchberg\/moving-to-luxembourg\/","name":"The Central adopts the certified measures against Covid-19","isPartOf":{"@id":"https:\/\/thecentralapartments.fr\/smart-aparthotel-luxembourg-kirchberg\/#website"},"datePublished":"2024-01-02T15:37:28+00:00","dateModified":"2024-01-03T11:53:18+00:00","description":"We want our guests and our residents to know that we are ready to welcome them in a safe and clean environment. At The Central we be using the highest classification of disinfectants recommended by the Centre for Disease Control and Prevention and World Health Organization to treat known pathogens.","inLanguage":"fr-FR","potentialAction":[{"@type":"ReadAction","target":["https:\/\/thecentralapartments.fr\/smart-aparthotel-luxembourg-kirchberg\/moving-to-luxembourg\/"]}]},{"@type":"WebSite","@id":"https:\/\/thecentralapartments.fr\/smart-aparthotel-luxembourg-kirchberg\/#website","url":"https:\/\/thecentralapartments.fr\/smart-aparthotel-luxembourg-kirchberg\/","name":"The Central Luxembourg Kirchberg","description":"The Central Luxembourg Kirchberg","publisher":{"@id":"https:\/\/thecentralapartments.fr\/smart-aparthotel-luxembourg-kirchberg\/#organization"},"potentialAction":[{"@type":"SearchAction","target":{"@type":"EntryPoint","urlTemplate":"https:\/\/thecentralapartments.fr\/smart-aparthotel-luxembourg-kirchberg\/?s={search_term_string}"},"query-input":"required name=search_term_string"}],"inLanguage":"fr-FR"},{"@type":"Organization","@id":"https:\/\/thecentralapartments.fr\/smart-aparthotel-luxembourg-kirchberg\/#organization","name":"The Central Luxembourg Kirchberg","url":"https:\/\/thecentralapartments.fr\/smart-aparthotel-luxembourg-kirchberg\/","logo":{"@type":"ImageObject","inLanguage":"fr-FR","@id":"https:\/\/thecentralapartments.fr\/smart-aparthotel-luxembourg-kirchberg\/#\/schema\/logo\/image\/","url":"https:\/\/thecentralapartments.fr\/smart-aparthotel-luxembourg-kirchberg\/wp-content\/uploads\/2019\/06\/logo_the_central.png","contentUrl":"https:\/\/thecentralapartments.fr\/smart-aparthotel-luxembourg-kirchberg\/wp-content\/uploads\/2019\/06\/logo_the_central.png","width":220,"height":60,"caption":"The Central Luxembourg Kirchberg"},"image":{"@id":"https:\/\/thecentralapartments.fr\/smart-aparthotel-luxembourg-kirchberg\/#\/schema\/logo\/image\/"}}]}},"_links":{"self":[{"href":"https:\/\/thecentralapartments.fr\/smart-aparthotel-luxembourg-kirchberg\/wp-json\/wp\/v2\/pages\/13072"}],"collection":[{"href":"https:\/\/thecentralapartments.fr\/smart-aparthotel-luxembourg-kirchberg\/wp-json\/wp\/v2\/pages"}],"about":[{"href":"https:\/\/thecentralapartments.fr\/smart-aparthotel-luxembourg-kirchberg\/wp-json\/wp\/v2\/types\/page"}],"author":[{"embeddable":true,"href":"https:\/\/thecentralapartments.fr\/smart-aparthotel-luxembourg-kirchberg\/wp-json\/wp\/v2\/users\/1"}],"replies":[{"embeddable":true,"href":"https:\/\/thecentralapartments.fr\/smart-aparthotel-luxembourg-kirchberg\/wp-json\/wp\/v2\/comments?post=13072"}],"version-history":[{"count":2,"href":"https:\/\/thecentralapartments.fr\/smart-aparthotel-luxembourg-kirchberg\/wp-json\/wp\/v2\/pages\/13072\/revisions"}],"predecessor-version":[{"id":13535,"href":"https:\/\/thecentralapartments.fr\/smart-aparthotel-luxembourg-kirchberg\/wp-json\/wp\/v2\/pages\/13072\/revisions\/13535"}],"wp:attachment":[{"href":"https:\/\/thecentralapartments.fr\/smart-aparthotel-luxembourg-kirchberg\/wp-json\/wp\/v2\/media?parent=13072"}],"curies":[{"name":"wp","href":"https:\/\/api.w.org\/{rel}","templated":true}]}}