{"id":4081,"date":"2020-09-29T14:12:44","date_gmt":"2020-09-29T12:12:44","guid":{"rendered":"https:\/\/thecentral.lu\/luxury-apartments-luxembourg-city\/?page_id=4081"},"modified":"2020-09-30T09:52:22","modified_gmt":"2020-09-30T07:52:22","slug":"commitment-to-cleanliness","status":"publish","type":"page","link":"https:\/\/thecentralapartments.fr\/luxury-apartments-luxembourg-city\/commitment-to-cleanliness\/","title":{"rendered":"Commitment to Cleanliness"},"content":{"rendered":"<h1 class=\"page-title\">COMMITMENT TO CLEANLINESS<\/h1>\n<p>&nbsp;<\/p>\n<p><strong>Measures against COVID-19<\/strong><\/p>\n<p>The wellbeing of our Guests and The Central Staff is of enormous importance, it is actually one of the founding values of our business model. We are therefore closely monitoring the developments of the Corona Virus spread in Europe, following prevention guidelines from local health department and the <a href=\"https:\/\/www.horesca.lu\/en\">HORESCA<\/a> (F\u00e9d\u00e9ration Nationale des H\u00f4teliers, Restaurateurs et Cafetiers du Grand-Duch\u00e9 de Luxembourg).<\/p>\n<p>&nbsp;<\/p>\n<p><strong>Our Commitment to Cleanliness<\/strong><\/p>\n<p>The COVID-19 pandemic has required us to raise our cleaning standards to an even higher level with new arrangements for the current circumstances. We want our guests and our residents to know that we are ready to welcome them in a safe and clean environment. \u00a0At The Central we will be using for everyday cleaning the highest classification of disinfectants recommended by the Centre for Disease Control and Prevention and World Health Organization to treat known pathogens.<\/p>\n<p>&nbsp;<\/p>\n<p><strong>Surface Areas<\/strong><\/p>\n<p>In public spaces we have added to our already rigorous cleaning protocols, requiring that surfaces are treated with <strong>hospital-grade disinfectants<\/strong> and that this cleaning is done with increased frequency. In guest rooms we require all surfaces to be thoroughly cleaned with hospital-grade disinfectants. We will also be placing disinfectants in each room for guests\u2019 personal use.<\/p>\n<p>Our cleaning staff has been trained to use these disinfectants with particular attention paid to <strong>high-touch items<\/strong> (such as but not only: light switches, doors handles, remote controls, toilet flush, shower control, sink faucets) because they have the potential to accumulate the most dirt and spread bacteria or viruses.<\/p>\n<p>&nbsp;<\/p>\n<p><strong>Guest Contact<\/strong><\/p>\n<p>To help alleviate the risk of COVID-19 transmission through person-to-person contact, at The Central we have placed hand <strong>sanitizing stations<\/strong> near the entrances, at the front desks, elevator and fitness\/wellness area.<\/p>\n<p>In addition, guests can choose to use their phones to check-in, access their apartment, the garage and the fitness\/wellness area. We are proud to be between the few establishments in Luxembourg City to offer technologically advanced \u201ctouchless\u201d services, such as <strong>Mobile check-in\/out<\/strong> and most importantly <strong>Mobile Key<\/strong> downloading on your smartphone the \u201cSALTO JustIN Mobile App\u201d (<a href=\"https:\/\/apps.apple.com\/us\/app\/justin-mobile\/id960998088\">iOS version<\/a>\u00a0\/\u00a0<a href=\"https:\/\/play.google.com\/store\/apps\/details?id=com.saltosystems.justin\">Android version<\/a>).<\/p>\n","protected":false},"excerpt":{"rendered":"<p>COMMITMENT TO CLEANLINESS &nbsp; Measures against COVID-19 The wellbeing of our Guests and The Central Staff is of enormous importance, it is actually one of the founding values of our business model. We are therefore closely monitoring the developments of the Corona Virus spread in Europe, following prevention guidelines from local health department and the [&hellip;]<\/p>\n","protected":false},"author":4,"featured_media":0,"parent":0,"menu_order":70,"comment_status":"closed","ping_status":"closed","template":"template-SimpleText.php","meta":[],"acf":[],"yoast_head":"<!-- This site is optimized with the Yoast SEO plugin v20.8 - https:\/\/yoast.com\/wordpress\/plugins\/seo\/ -->\n<title>Commitment to Cleanliness - The Central Luxembourg City<\/title>\n<meta name=\"robots\" content=\"index, follow, max-snippet:-1, max-image-preview:large, max-video-preview:-1\" \/>\n<link rel=\"canonical\" href=\"https:\/\/thecentralapartments.fr\/luxury-apartments-luxembourg-city\/commitment-to-cleanliness\/\" \/>\n<meta property=\"og:locale\" content=\"fr_FR\" \/>\n<meta property=\"og:type\" content=\"article\" \/>\n<meta property=\"og:title\" content=\"Commitment to Cleanliness - The Central Luxembourg City\" \/>\n<meta property=\"og:description\" content=\"COMMITMENT TO CLEANLINESS &nbsp; Measures against COVID-19 The wellbeing of our Guests and The Central Staff is of enormous importance, it is actually one of the founding values of our business model. We are therefore closely monitoring the developments of the Corona Virus spread in Europe, following prevention guidelines from local health department and the [&hellip;]\" \/>\n<meta property=\"og:url\" content=\"https:\/\/thecentralapartments.fr\/luxury-apartments-luxembourg-city\/commitment-to-cleanliness\/\" \/>\n<meta property=\"og:site_name\" content=\"The Central Luxembourg City\" \/>\n<meta property=\"article:modified_time\" content=\"2020-09-30T07:52:22+00:00\" \/>\n<meta name=\"twitter:card\" content=\"summary_large_image\" \/>\n<meta name=\"twitter:label1\" content=\"Dur\u00e9e de lecture estim\u00e9e\" \/>\n\t<meta name=\"twitter:data1\" content=\"2 minutes\" \/>\n<script type=\"application\/ld+json\" class=\"yoast-schema-graph\">{\"@context\":\"https:\/\/schema.org\",\"@graph\":[{\"@type\":\"WebPage\",\"@id\":\"https:\/\/thecentralapartments.fr\/luxury-apartments-luxembourg-city\/commitment-to-cleanliness\/\",\"url\":\"https:\/\/thecentralapartments.fr\/luxury-apartments-luxembourg-city\/commitment-to-cleanliness\/\",\"name\":\"Commitment to Cleanliness - The Central Luxembourg City\",\"isPartOf\":{\"@id\":\"https:\/\/thecentralapartments.fr\/luxury-apartments-luxembourg-city\/#website\"},\"datePublished\":\"2020-09-29T12:12:44+00:00\",\"dateModified\":\"2020-09-30T07:52:22+00:00\",\"inLanguage\":\"fr-FR\",\"potentialAction\":[{\"@type\":\"ReadAction\",\"target\":[\"https:\/\/thecentralapartments.fr\/luxury-apartments-luxembourg-city\/commitment-to-cleanliness\/\"]}]},{\"@type\":\"WebSite\",\"@id\":\"https:\/\/thecentralapartments.fr\/luxury-apartments-luxembourg-city\/#website\",\"url\":\"https:\/\/thecentralapartments.fr\/luxury-apartments-luxembourg-city\/\",\"name\":\"The Central Luxembourg City\",\"description\":\"The Central Luxembourg City\",\"publisher\":{\"@id\":\"https:\/\/thecentralapartments.fr\/luxury-apartments-luxembourg-city\/#organization\"},\"potentialAction\":[{\"@type\":\"SearchAction\",\"target\":{\"@type\":\"EntryPoint\",\"urlTemplate\":\"https:\/\/thecentralapartments.fr\/luxury-apartments-luxembourg-city\/?s={search_term_string}\"},\"query-input\":\"required name=search_term_string\"}],\"inLanguage\":\"fr-FR\"},{\"@type\":\"Organization\",\"@id\":\"https:\/\/thecentralapartments.fr\/luxury-apartments-luxembourg-city\/#organization\",\"name\":\"The Central Luxembourg City\",\"url\":\"https:\/\/thecentralapartments.fr\/luxury-apartments-luxembourg-city\/\",\"logo\":{\"@type\":\"ImageObject\",\"inLanguage\":\"fr-FR\",\"@id\":\"https:\/\/thecentralapartments.fr\/luxury-apartments-luxembourg-city\/#\/schema\/logo\/image\/\",\"url\":\"https:\/\/thecentralapartments.fr\/luxury-apartments-luxembourg-city\/wp-content\/uploads\/2019\/06\/logo_the_central.png\",\"contentUrl\":\"https:\/\/thecentralapartments.fr\/luxury-apartments-luxembourg-city\/wp-content\/uploads\/2019\/06\/logo_the_central.png\",\"width\":220,\"height\":60,\"caption\":\"The Central Luxembourg City\"},\"image\":{\"@id\":\"https:\/\/thecentralapartments.fr\/luxury-apartments-luxembourg-city\/#\/schema\/logo\/image\/\"}}]}<\/script>\n<!-- \/ Yoast SEO plugin. -->","yoast_head_json":{"title":"Commitment to Cleanliness - The Central Luxembourg City","robots":{"index":"index","follow":"follow","max-snippet":"max-snippet:-1","max-image-preview":"max-image-preview:large","max-video-preview":"max-video-preview:-1"},"canonical":"https:\/\/thecentralapartments.fr\/luxury-apartments-luxembourg-city\/commitment-to-cleanliness\/","og_locale":"fr_FR","og_type":"article","og_title":"Commitment to Cleanliness - The Central Luxembourg City","og_description":"COMMITMENT TO CLEANLINESS &nbsp; Measures against COVID-19 The wellbeing of our Guests and The Central Staff is of enormous importance, it is actually one of the founding values of our business model. We are therefore closely monitoring the developments of the Corona Virus spread in Europe, following prevention guidelines from local health department and the [&hellip;]","og_url":"https:\/\/thecentralapartments.fr\/luxury-apartments-luxembourg-city\/commitment-to-cleanliness\/","og_site_name":"The Central Luxembourg City","article_modified_time":"2020-09-30T07:52:22+00:00","twitter_card":"summary_large_image","twitter_misc":{"Dur\u00e9e de lecture estim\u00e9e":"2 minutes"},"schema":{"@context":"https:\/\/schema.org","@graph":[{"@type":"WebPage","@id":"https:\/\/thecentralapartments.fr\/luxury-apartments-luxembourg-city\/commitment-to-cleanliness\/","url":"https:\/\/thecentralapartments.fr\/luxury-apartments-luxembourg-city\/commitment-to-cleanliness\/","name":"Commitment to Cleanliness - The Central Luxembourg City","isPartOf":{"@id":"https:\/\/thecentralapartments.fr\/luxury-apartments-luxembourg-city\/#website"},"datePublished":"2020-09-29T12:12:44+00:00","dateModified":"2020-09-30T07:52:22+00:00","inLanguage":"fr-FR","potentialAction":[{"@type":"ReadAction","target":["https:\/\/thecentralapartments.fr\/luxury-apartments-luxembourg-city\/commitment-to-cleanliness\/"]}]},{"@type":"WebSite","@id":"https:\/\/thecentralapartments.fr\/luxury-apartments-luxembourg-city\/#website","url":"https:\/\/thecentralapartments.fr\/luxury-apartments-luxembourg-city\/","name":"The Central Luxembourg City","description":"The Central Luxembourg City","publisher":{"@id":"https:\/\/thecentralapartments.fr\/luxury-apartments-luxembourg-city\/#organization"},"potentialAction":[{"@type":"SearchAction","target":{"@type":"EntryPoint","urlTemplate":"https:\/\/thecentralapartments.fr\/luxury-apartments-luxembourg-city\/?s={search_term_string}"},"query-input":"required name=search_term_string"}],"inLanguage":"fr-FR"},{"@type":"Organization","@id":"https:\/\/thecentralapartments.fr\/luxury-apartments-luxembourg-city\/#organization","name":"The Central Luxembourg City","url":"https:\/\/thecentralapartments.fr\/luxury-apartments-luxembourg-city\/","logo":{"@type":"ImageObject","inLanguage":"fr-FR","@id":"https:\/\/thecentralapartments.fr\/luxury-apartments-luxembourg-city\/#\/schema\/logo\/image\/","url":"https:\/\/thecentralapartments.fr\/luxury-apartments-luxembourg-city\/wp-content\/uploads\/2019\/06\/logo_the_central.png","contentUrl":"https:\/\/thecentralapartments.fr\/luxury-apartments-luxembourg-city\/wp-content\/uploads\/2019\/06\/logo_the_central.png","width":220,"height":60,"caption":"The Central Luxembourg City"},"image":{"@id":"https:\/\/thecentralapartments.fr\/luxury-apartments-luxembourg-city\/#\/schema\/logo\/image\/"}}]}},"_links":{"self":[{"href":"https:\/\/thecentralapartments.fr\/luxury-apartments-luxembourg-city\/wp-json\/wp\/v2\/pages\/4081"}],"collection":[{"href":"https:\/\/thecentralapartments.fr\/luxury-apartments-luxembourg-city\/wp-json\/wp\/v2\/pages"}],"about":[{"href":"https:\/\/thecentralapartments.fr\/luxury-apartments-luxembourg-city\/wp-json\/wp\/v2\/types\/page"}],"author":[{"embeddable":true,"href":"https:\/\/thecentralapartments.fr\/luxury-apartments-luxembourg-city\/wp-json\/wp\/v2\/users\/4"}],"replies":[{"embeddable":true,"href":"https:\/\/thecentralapartments.fr\/luxury-apartments-luxembourg-city\/wp-json\/wp\/v2\/comments?post=4081"}],"version-history":[{"count":2,"href":"https:\/\/thecentralapartments.fr\/luxury-apartments-luxembourg-city\/wp-json\/wp\/v2\/pages\/4081\/revisions"}],"predecessor-version":[{"id":4294,"href":"https:\/\/thecentralapartments.fr\/luxury-apartments-luxembourg-city\/wp-json\/wp\/v2\/pages\/4081\/revisions\/4294"}],"wp:attachment":[{"href":"https:\/\/thecentralapartments.fr\/luxury-apartments-luxembourg-city\/wp-json\/wp\/v2\/media?parent=4081"}],"curies":[{"name":"wp","href":"https:\/\/api.w.org\/{rel}","templated":true}]}}