{"id":3111,"date":"2019-10-24T10:15:43","date_gmt":"2019-10-24T08:15:43","guid":{"rendered":"https:\/\/thecentral.lu\/luxury-apartments-luxembourg-city\/tailored-concierge-services\/"},"modified":"2020-02-27T15:10:33","modified_gmt":"2020-02-27T14:10:33","slug":"services-conciergerie","status":"publish","type":"page","link":"https:\/\/thecentralapartments.fr\/luxury-apartments-luxembourg-city\/services-conciergerie\/","title":{"rendered":"Services Suppl\u00e9mentaires"},"content":{"rendered":"<h1 class=\"page-title\">SERVICES SUR MESURE DE CONCIERGERIE<\/h1>\n<h2>Au The Central, nous nous engageos \u00e0 simplifier le quotidien des hommes d&rsquo;affires et des voyageurs avertis avec des services sur mesure<\/h2>\n<hr \/>\n<h3><strong>Service de conciergerie<\/strong><\/h3>\n<p>Le <strong>bureau de la r\u00e9ception de The Central Luxembourg est ouvert du lundi au vendredi de 9\u00a0h\u00a000 \u00e0 18\u00a0h\u00a000\u00a0: notre<\/strong> concierge est un expert local et peut vous aider avec presque tous les probl\u00e8mes en relation avec votre voyage que vous pourriez rencontrer, alors n\u02bch\u00e9sitez pas \u00e0 demander\u00a0! Voici une liste non-exhaustive des choses que notre concierge peut faire pour vous\u00a0:<\/p>\n<ul>\n<li><strong>fournir une assistance<\/strong> <strong>avant votre arriv\u00e9e<\/strong> en vous aidant \u00e0 organiser votre premier jour, y compris pour faire une r\u00e9servation au restaurant pour le d\u00eener\u00a0;<\/li>\n<li>vous recommander des moyens de vous rendre \u00e0 l\u02bca\u00e9roport \u00e0 moindre frais et <strong>vous trouver un moyen de transport<\/strong> alors qu\u02bcaucun service n\u02bca l\u02bcair disponible aux premiers abords \u00a0;<\/li>\n<li><strong>vous aider \u00e0 vous divertir et vous amuser <\/strong>\u00a0en obtenant des billets pour des spectacles, en sugg\u00e9rant les meilleurs restaurants, bar \u00e0 happy hours et clubs ou en pr\u00e9parant votre appartement pour un d\u00eener romantique\u00a0;<\/li>\n<li><strong>vous proposer les plus beaux sites touristiques et activit\u00e9s<\/strong> tout en vous donnant des conseils pour\u00a0 en profiter au maximum\u00a0;<\/li>\n<li><strong>vous aider \u00e0 faire votre travail en effectuant les t\u00e2ches de bureau<\/strong>, telles que l\u02bcimpression de documents, la mise en place d\u02bcun service de messagerie, l\u02bcenvoi de colis ou la mise en place d\u02bcun espace de r\u00e9union\u00a0;<\/li>\n<li><strong>recommander des personnes et services locaux<\/strong> tels que des gardiennes d\u02bcenfants, des ateliers de r\u00e9paration automobile, des promeneurs de chien\u00a0;<\/li>\n<li><strong>organiser<\/strong> des services suppl\u00e9mentaires tels que <strong>le m\u00e9nage, le stockage de vos bagages ou la r\u00e9servation d\u02bcun massage<\/strong> dans notre centre de bien-\u00eatre\u00a0;<\/li>\n<li><strong>organiser le lavage, le repassage, le nettoyage \u00e0 sec de vos v\u00eatements<\/strong> pour vous permettre de profiter de plus de temps libre.<\/li>\n<\/ul>\n<p>&nbsp;<\/p>\n<h3><strong>Enregistrement automatique 24 h \/ 24 et 7j \/ 7<\/strong><\/h3>\n<p>Les <strong>clients de The Central Luxembourg peuvent compl\u00e8tement passer l\u02bc\u00e9tape d\u02bcenregistrement \u00e0 la r\u00e9ception <\/strong>s\u02bcils le souhaitent. Pour r\u00e9pondre \u00e0 un processus d\u02bcenregistrement plus efficace et plus agr\u00e9able, en plus de la r\u00e9ception traditionnelle ouverte de 9\u00a0h\u00a000 \u00e0 18\u00a0h\u00a000, nous offrons \u00e0 nos clients la possibilit\u00e9 de s&rsquo;enregistrer 24\u00a0h\u00a0\/\u00a024 et 7j\u00a0\/\u00a07 \u00e0 partir de leur <strong>appareil mobile<\/strong> ou de notre <strong>\u00a0borne d\u02bcenregistrement automatique<\/strong>. L\u02bc<strong>application Internet<\/strong> The Central Luxembourg vous permet de\u00a0:<\/p>\n<ul>\n<li>vous connecter en toute s\u00e9curit\u00e9 et trouver votre r\u00e9servation\u00a0;<\/li>\n<li>choisir un surclassement pour votre chambre\u00a0;<\/li>\n<li>remplir et signer num\u00e9riquement vos cartes d&rsquo;enregistrement\u00a0;<\/li>\n<li>pr\u00e9-autoriser ou facturer directement vos cartes de cr\u00e9dit\u00a0;<\/li>\n<li>\u00e9mettre vos cartes \u00e9lectroniques pour les chambres ;<\/li>\n<\/ul>\n<p>&nbsp;<\/p>\n<h3><strong>Chef priv\u00e9<\/strong><\/h3>\n<p>Nos chefs exp\u00e9riment\u00e9s priv\u00e9s vous permet de \u00ab\u00a0louer unchef\u00a0\u00bb et l\u02bcensemble de ses services, pour des occasions sp\u00e9ciales.<\/p>\n<p>Service de chef priv\u00e9 \u00e0 domicile\u00a0: laissez-les faire la cuisine pour vous\u00a0!\u00a0 Uniquement des ingr\u00e9dients frais, jamais transform\u00e9s, directement de la ferme \u00e0 la table.<\/p>\n<p>Imaginez&#8230; Vous rentrez \u00e0 la maison et sentez une d\u00e9licieuse odeur de nourriture, c\u02bcest votre chef priv\u00e9 qui est d\u00e9j\u00e0 aux fourneaux, dans votre propre cuisine\u00a0!<\/p>\n<p>C\u02bcest un excellent moyen de donner une nouvelle touche de fra\u00eecheur \u00e0 un rendez-vous romantique, un d\u00eener en famille ou un d\u00e9jeuner entre amis. Nos chefs vous enverront des propositions de menu personnalis\u00e9es parmi lesquelles vous pourrez choisir.<\/p>\n<p>Pour vous assurer que tout ce que vous avez \u00e0 faire est de vous amuser, ils vous fourniront \u00e9galement un service de table pour vous et vos invit\u00e9s et nettoieront avant de partir\u00a0!<\/p>\n<p>&nbsp;<\/p>\n<h3><strong>Paniers de fruits et l\u00e9gumes<\/strong><\/h3>\n<p>Le bien-\u00eatre commence par une alimentation fruit\u00e9e et riche en vitamines\u00a0: faites livrer des fruits et l\u00e9gumes frais directement \u00e0 votre appartement\u00a0! Profitez des bienfaits et de l\u02bc\u00e9nergie qu\u02bcapportent une alimentation saine, riche et \u00e9quilibr\u00e9e.<\/p>\n<p>Vous pouvez choisir des paniers de diff\u00e9rentes tailles, soigneusement pr\u00e9par\u00e9s avec les meilleurs produits de saison et superbement pr\u00e9sent\u00e9s dans un arrangement color\u00e9.<\/p>\n<p>&nbsp;<\/p>\n<h3><strong>Petit-d\u00e9jeuner Premium <\/strong><\/h3>\n<p>Fini le temps des petits-d\u00e9jeuners continentaux ennuyeux. Au lieu de cela, nous disons \u00ab bonjour \u00bb avec des aliments frais, authentiques et sains propos\u00e9 par notre s\u00e9lection de\u00a0 caf\u00e9s voisins et partenaires.\u00a0 <em>\u00c0 compl\u00e9ter avec les informations du fournisseur\u2026<\/em><\/p>\n","protected":false},"excerpt":{"rendered":"<p>SERVICES SUR MESURE DE CONCIERGERIE Au The Central, nous nous engageos \u00e0 simplifier le quotidien des hommes d&rsquo;affires et des voyageurs avertis avec des services sur mesure Service de conciergerie Le bureau de la r\u00e9ception de The Central Luxembourg est ouvert du lundi au vendredi de 9\u00a0h\u00a000 \u00e0 18\u00a0h\u00a000\u00a0: notre concierge est un expert local [&hellip;]<\/p>\n","protected":false},"author":1,"featured_media":0,"parent":0,"menu_order":70,"comment_status":"closed","ping_status":"closed","template":"template-SimpleText.php","meta":[],"acf":[],"yoast_head":"<!-- This site is optimized with the Yoast SEO plugin v20.8 - https:\/\/yoast.com\/wordpress\/plugins\/seo\/ -->\n<title>Appartements meubl\u00e9s de luxe Luxembourg | Enregistrement 24 h\/7 j | Conciergerie<\/title>\n<meta name=\"description\" content=\"Les services du The Central tailored comprennent l&#039;enregistement automatique avec la cl\u00e9 digitale, conciergerie, livraison du petit-d\u00e9jeuner, chef priv\u00e9 et bien plus...\" \/>\n<meta name=\"robots\" content=\"index, follow, max-snippet:-1, max-image-preview:large, max-video-preview:-1\" \/>\n<link rel=\"canonical\" href=\"https:\/\/thecentralapartments.fr\/luxury-apartments-luxembourg-city\/services-conciergerie\/\" \/>\n<meta property=\"og:locale\" content=\"fr_FR\" \/>\n<meta property=\"og:type\" content=\"article\" \/>\n<meta property=\"og:title\" content=\"Appartements meubl\u00e9s de luxe Luxembourg | Enregistrement 24 h\/7 j | Conciergerie\" \/>\n<meta property=\"og:description\" content=\"Les services du The Central tailored comprennent l&#039;enregistement automatique avec la cl\u00e9 digitale, conciergerie, livraison du petit-d\u00e9jeuner, chef priv\u00e9 et bien plus...\" \/>\n<meta property=\"og:url\" content=\"https:\/\/thecentralapartments.fr\/luxury-apartments-luxembourg-city\/services-conciergerie\/\" \/>\n<meta property=\"og:site_name\" content=\"The Central Luxembourg City\" \/>\n<meta property=\"article:modified_time\" content=\"2020-02-27T14:10:33+00:00\" \/>\n<meta name=\"twitter:card\" content=\"summary_large_image\" \/>\n<meta name=\"twitter:label1\" content=\"Dur\u00e9e de lecture estim\u00e9e\" \/>\n\t<meta name=\"twitter:data1\" content=\"4 minutes\" \/>\n<script type=\"application\/ld+json\" class=\"yoast-schema-graph\">{\"@context\":\"https:\/\/schema.org\",\"@graph\":[{\"@type\":\"WebPage\",\"@id\":\"https:\/\/thecentralapartments.fr\/luxury-apartments-luxembourg-city\/services-conciergerie\/\",\"url\":\"https:\/\/thecentralapartments.fr\/luxury-apartments-luxembourg-city\/services-conciergerie\/\",\"name\":\"Appartements meubl\u00e9s de luxe Luxembourg | Enregistrement 24 h\/7 j | Conciergerie\",\"isPartOf\":{\"@id\":\"https:\/\/thecentralapartments.fr\/luxury-apartments-luxembourg-city\/#website\"},\"datePublished\":\"2019-10-24T08:15:43+00:00\",\"dateModified\":\"2020-02-27T14:10:33+00:00\",\"description\":\"Les services du The Central tailored comprennent l'enregistement automatique avec la cl\u00e9 digitale, conciergerie, livraison du petit-d\u00e9jeuner, chef priv\u00e9 et bien plus...\",\"inLanguage\":\"fr-FR\",\"potentialAction\":[{\"@type\":\"ReadAction\",\"target\":[\"https:\/\/thecentralapartments.fr\/luxury-apartments-luxembourg-city\/services-conciergerie\/\"]}]},{\"@type\":\"WebSite\",\"@id\":\"https:\/\/thecentralapartments.fr\/luxury-apartments-luxembourg-city\/#website\",\"url\":\"https:\/\/thecentralapartments.fr\/luxury-apartments-luxembourg-city\/\",\"name\":\"The Central Luxembourg City\",\"description\":\"The Central Luxembourg City\",\"publisher\":{\"@id\":\"https:\/\/thecentralapartments.fr\/luxury-apartments-luxembourg-city\/#organization\"},\"potentialAction\":[{\"@type\":\"SearchAction\",\"target\":{\"@type\":\"EntryPoint\",\"urlTemplate\":\"https:\/\/thecentralapartments.fr\/luxury-apartments-luxembourg-city\/?s={search_term_string}\"},\"query-input\":\"required name=search_term_string\"}],\"inLanguage\":\"fr-FR\"},{\"@type\":\"Organization\",\"@id\":\"https:\/\/thecentralapartments.fr\/luxury-apartments-luxembourg-city\/#organization\",\"name\":\"The Central Luxembourg City\",\"url\":\"https:\/\/thecentralapartments.fr\/luxury-apartments-luxembourg-city\/\",\"logo\":{\"@type\":\"ImageObject\",\"inLanguage\":\"fr-FR\",\"@id\":\"https:\/\/thecentralapartments.fr\/luxury-apartments-luxembourg-city\/#\/schema\/logo\/image\/\",\"url\":\"https:\/\/thecentralapartments.fr\/luxury-apartments-luxembourg-city\/wp-content\/uploads\/2019\/06\/logo_the_central.png\",\"contentUrl\":\"https:\/\/thecentralapartments.fr\/luxury-apartments-luxembourg-city\/wp-content\/uploads\/2019\/06\/logo_the_central.png\",\"width\":220,\"height\":60,\"caption\":\"The Central Luxembourg City\"},\"image\":{\"@id\":\"https:\/\/thecentralapartments.fr\/luxury-apartments-luxembourg-city\/#\/schema\/logo\/image\/\"}}]}<\/script>\n<!-- \/ Yoast SEO plugin. -->","yoast_head_json":{"title":"Appartements meubl\u00e9s de luxe Luxembourg | Enregistrement 24 h\/7 j | Conciergerie","description":"Les services du The Central tailored comprennent l'enregistement automatique avec la cl\u00e9 digitale, conciergerie, livraison du petit-d\u00e9jeuner, chef priv\u00e9 et bien plus...","robots":{"index":"index","follow":"follow","max-snippet":"max-snippet:-1","max-image-preview":"max-image-preview:large","max-video-preview":"max-video-preview:-1"},"canonical":"https:\/\/thecentralapartments.fr\/luxury-apartments-luxembourg-city\/services-conciergerie\/","og_locale":"fr_FR","og_type":"article","og_title":"Appartements meubl\u00e9s de luxe Luxembourg | Enregistrement 24 h\/7 j | Conciergerie","og_description":"Les services du The Central tailored comprennent l'enregistement automatique avec la cl\u00e9 digitale, conciergerie, livraison du petit-d\u00e9jeuner, chef priv\u00e9 et bien plus...","og_url":"https:\/\/thecentralapartments.fr\/luxury-apartments-luxembourg-city\/services-conciergerie\/","og_site_name":"The Central Luxembourg City","article_modified_time":"2020-02-27T14:10:33+00:00","twitter_card":"summary_large_image","twitter_misc":{"Dur\u00e9e de lecture estim\u00e9e":"4 minutes"},"schema":{"@context":"https:\/\/schema.org","@graph":[{"@type":"WebPage","@id":"https:\/\/thecentralapartments.fr\/luxury-apartments-luxembourg-city\/services-conciergerie\/","url":"https:\/\/thecentralapartments.fr\/luxury-apartments-luxembourg-city\/services-conciergerie\/","name":"Appartements meubl\u00e9s de luxe Luxembourg | Enregistrement 24 h\/7 j | Conciergerie","isPartOf":{"@id":"https:\/\/thecentralapartments.fr\/luxury-apartments-luxembourg-city\/#website"},"datePublished":"2019-10-24T08:15:43+00:00","dateModified":"2020-02-27T14:10:33+00:00","description":"Les services du The Central tailored comprennent l'enregistement automatique avec la cl\u00e9 digitale, conciergerie, livraison du petit-d\u00e9jeuner, chef priv\u00e9 et bien plus...","inLanguage":"fr-FR","potentialAction":[{"@type":"ReadAction","target":["https:\/\/thecentralapartments.fr\/luxury-apartments-luxembourg-city\/services-conciergerie\/"]}]},{"@type":"WebSite","@id":"https:\/\/thecentralapartments.fr\/luxury-apartments-luxembourg-city\/#website","url":"https:\/\/thecentralapartments.fr\/luxury-apartments-luxembourg-city\/","name":"The Central Luxembourg City","description":"The Central Luxembourg City","publisher":{"@id":"https:\/\/thecentralapartments.fr\/luxury-apartments-luxembourg-city\/#organization"},"potentialAction":[{"@type":"SearchAction","target":{"@type":"EntryPoint","urlTemplate":"https:\/\/thecentralapartments.fr\/luxury-apartments-luxembourg-city\/?s={search_term_string}"},"query-input":"required name=search_term_string"}],"inLanguage":"fr-FR"},{"@type":"Organization","@id":"https:\/\/thecentralapartments.fr\/luxury-apartments-luxembourg-city\/#organization","name":"The Central Luxembourg City","url":"https:\/\/thecentralapartments.fr\/luxury-apartments-luxembourg-city\/","logo":{"@type":"ImageObject","inLanguage":"fr-FR","@id":"https:\/\/thecentralapartments.fr\/luxury-apartments-luxembourg-city\/#\/schema\/logo\/image\/","url":"https:\/\/thecentralapartments.fr\/luxury-apartments-luxembourg-city\/wp-content\/uploads\/2019\/06\/logo_the_central.png","contentUrl":"https:\/\/thecentralapartments.fr\/luxury-apartments-luxembourg-city\/wp-content\/uploads\/2019\/06\/logo_the_central.png","width":220,"height":60,"caption":"The Central Luxembourg City"},"image":{"@id":"https:\/\/thecentralapartments.fr\/luxury-apartments-luxembourg-city\/#\/schema\/logo\/image\/"}}]}},"_links":{"self":[{"href":"https:\/\/thecentralapartments.fr\/luxury-apartments-luxembourg-city\/wp-json\/wp\/v2\/pages\/3111"}],"collection":[{"href":"https:\/\/thecentralapartments.fr\/luxury-apartments-luxembourg-city\/wp-json\/wp\/v2\/pages"}],"about":[{"href":"https:\/\/thecentralapartments.fr\/luxury-apartments-luxembourg-city\/wp-json\/wp\/v2\/types\/page"}],"author":[{"embeddable":true,"href":"https:\/\/thecentralapartments.fr\/luxury-apartments-luxembourg-city\/wp-json\/wp\/v2\/users\/1"}],"replies":[{"embeddable":true,"href":"https:\/\/thecentralapartments.fr\/luxury-apartments-luxembourg-city\/wp-json\/wp\/v2\/comments?post=3111"}],"version-history":[{"count":2,"href":"https:\/\/thecentralapartments.fr\/luxury-apartments-luxembourg-city\/wp-json\/wp\/v2\/pages\/3111\/revisions"}],"predecessor-version":[{"id":3113,"href":"https:\/\/thecentralapartments.fr\/luxury-apartments-luxembourg-city\/wp-json\/wp\/v2\/pages\/3111\/revisions\/3113"}],"wp:attachment":[{"href":"https:\/\/thecentralapartments.fr\/luxury-apartments-luxembourg-city\/wp-json\/wp\/v2\/media?parent=3111"}],"curies":[{"name":"wp","href":"https:\/\/api.w.org\/{rel}","templated":true}]}}