{"id":3107,"date":"2019-09-09T16:10:47","date_gmt":"2019-09-09T14:10:47","guid":{"rendered":"https:\/\/thecentral.lu\/luxury-apartments-luxembourg-city\/parking-luxembourg-city\/"},"modified":"2021-01-25T14:09:57","modified_gmt":"2021-01-25T13:09:57","slug":"parking-luxembourg-ville","status":"publish","type":"page","link":"https:\/\/thecentralapartments.fr\/luxury-apartments-luxembourg-city\/parking-luxembourg-ville\/","title":{"rendered":"Parking Priv\u00e9 R\u00e9serv\u00e9"},"content":{"rendered":"<p style=\"text-align: center;\"><strong>This content is coming soon.<\/strong><\/p>\n","protected":false},"excerpt":{"rendered":"<p>This content is coming soon.<\/p>\n","protected":false},"author":1,"featured_media":0,"parent":0,"menu_order":60,"comment_status":"closed","ping_status":"closed","template":"template-ServicesLong.php","meta":[],"acf":[],"yoast_head":"<!-- This site is optimized with the Yoast SEO plugin v20.8 - https:\/\/yoast.com\/wordpress\/plugins\/seo\/ -->\n<title>Parking priv\u00e9 \u00e0 Luxembourg-ville | Parking r\u00e9serv\u00e9 dans le district de la gare<\/title>\n<meta name=\"description\" content=\"The Central Luxembourg offre 30 places couvertes et surveill\u00e9es de parking priv\u00e9. - R\u00e9servez la v\u00f4tre pour un jour ou une ann\u00e9e compl\u00e8te!\" \/>\n<meta name=\"robots\" content=\"index, follow, max-snippet:-1, max-image-preview:large, max-video-preview:-1\" \/>\n<link rel=\"canonical\" href=\"https:\/\/thecentralapartments.fr\/luxury-apartments-luxembourg-city\/parking-luxembourg-ville\/\" \/>\n<meta property=\"og:locale\" content=\"fr_FR\" \/>\n<meta property=\"og:type\" content=\"article\" \/>\n<meta property=\"og:title\" content=\"Parking priv\u00e9 \u00e0 Luxembourg-ville | Parking r\u00e9serv\u00e9 dans le district de la gare\" \/>\n<meta property=\"og:description\" content=\"The Central Luxembourg offre 30 places couvertes et surveill\u00e9es de parking priv\u00e9. - R\u00e9servez la v\u00f4tre pour un jour ou une ann\u00e9e compl\u00e8te!\" \/>\n<meta property=\"og:url\" content=\"https:\/\/thecentralapartments.fr\/luxury-apartments-luxembourg-city\/parking-luxembourg-ville\/\" \/>\n<meta property=\"og:site_name\" content=\"The Central Luxembourg City\" \/>\n<meta property=\"article:modified_time\" content=\"2021-01-25T13:09:57+00:00\" \/>\n<meta name=\"twitter:card\" content=\"summary_large_image\" \/>\n<script type=\"application\/ld+json\" class=\"yoast-schema-graph\">{\"@context\":\"https:\/\/schema.org\",\"@graph\":[{\"@type\":\"WebPage\",\"@id\":\"https:\/\/thecentralapartments.fr\/luxury-apartments-luxembourg-city\/parking-luxembourg-ville\/\",\"url\":\"https:\/\/thecentralapartments.fr\/luxury-apartments-luxembourg-city\/parking-luxembourg-ville\/\",\"name\":\"Parking priv\u00e9 \u00e0 Luxembourg-ville | Parking r\u00e9serv\u00e9 dans le district de la gare\",\"isPartOf\":{\"@id\":\"https:\/\/thecentralapartments.fr\/luxury-apartments-luxembourg-city\/#website\"},\"datePublished\":\"2019-09-09T14:10:47+00:00\",\"dateModified\":\"2021-01-25T13:09:57+00:00\",\"description\":\"The Central Luxembourg offre 30 places couvertes et surveill\u00e9es de parking priv\u00e9. - R\u00e9servez la v\u00f4tre pour un jour ou une ann\u00e9e compl\u00e8te!\",\"inLanguage\":\"fr-FR\",\"potentialAction\":[{\"@type\":\"ReadAction\",\"target\":[\"https:\/\/thecentralapartments.fr\/luxury-apartments-luxembourg-city\/parking-luxembourg-ville\/\"]}]},{\"@type\":\"WebSite\",\"@id\":\"https:\/\/thecentralapartments.fr\/luxury-apartments-luxembourg-city\/#website\",\"url\":\"https:\/\/thecentralapartments.fr\/luxury-apartments-luxembourg-city\/\",\"name\":\"The Central Luxembourg City\",\"description\":\"The Central Luxembourg City\",\"publisher\":{\"@id\":\"https:\/\/thecentralapartments.fr\/luxury-apartments-luxembourg-city\/#organization\"},\"potentialAction\":[{\"@type\":\"SearchAction\",\"target\":{\"@type\":\"EntryPoint\",\"urlTemplate\":\"https:\/\/thecentralapartments.fr\/luxury-apartments-luxembourg-city\/?s={search_term_string}\"},\"query-input\":\"required name=search_term_string\"}],\"inLanguage\":\"fr-FR\"},{\"@type\":\"Organization\",\"@id\":\"https:\/\/thecentralapartments.fr\/luxury-apartments-luxembourg-city\/#organization\",\"name\":\"The Central Luxembourg City\",\"url\":\"https:\/\/thecentralapartments.fr\/luxury-apartments-luxembourg-city\/\",\"logo\":{\"@type\":\"ImageObject\",\"inLanguage\":\"fr-FR\",\"@id\":\"https:\/\/thecentralapartments.fr\/luxury-apartments-luxembourg-city\/#\/schema\/logo\/image\/\",\"url\":\"https:\/\/thecentralapartments.fr\/luxury-apartments-luxembourg-city\/wp-content\/uploads\/2019\/06\/logo_the_central.png\",\"contentUrl\":\"https:\/\/thecentralapartments.fr\/luxury-apartments-luxembourg-city\/wp-content\/uploads\/2019\/06\/logo_the_central.png\",\"width\":220,\"height\":60,\"caption\":\"The Central Luxembourg City\"},\"image\":{\"@id\":\"https:\/\/thecentralapartments.fr\/luxury-apartments-luxembourg-city\/#\/schema\/logo\/image\/\"}}]}<\/script>\n<!-- \/ Yoast SEO plugin. -->","yoast_head_json":{"title":"Parking priv\u00e9 \u00e0 Luxembourg-ville | Parking r\u00e9serv\u00e9 dans le district de la gare","description":"The Central Luxembourg offre 30 places couvertes et surveill\u00e9es de parking priv\u00e9. - R\u00e9servez la v\u00f4tre pour un jour ou une ann\u00e9e compl\u00e8te!","robots":{"index":"index","follow":"follow","max-snippet":"max-snippet:-1","max-image-preview":"max-image-preview:large","max-video-preview":"max-video-preview:-1"},"canonical":"https:\/\/thecentralapartments.fr\/luxury-apartments-luxembourg-city\/parking-luxembourg-ville\/","og_locale":"fr_FR","og_type":"article","og_title":"Parking priv\u00e9 \u00e0 Luxembourg-ville | Parking r\u00e9serv\u00e9 dans le district de la gare","og_description":"The Central Luxembourg offre 30 places couvertes et surveill\u00e9es de parking priv\u00e9. - R\u00e9servez la v\u00f4tre pour un jour ou une ann\u00e9e compl\u00e8te!","og_url":"https:\/\/thecentralapartments.fr\/luxury-apartments-luxembourg-city\/parking-luxembourg-ville\/","og_site_name":"The Central Luxembourg City","article_modified_time":"2021-01-25T13:09:57+00:00","twitter_card":"summary_large_image","schema":{"@context":"https:\/\/schema.org","@graph":[{"@type":"WebPage","@id":"https:\/\/thecentralapartments.fr\/luxury-apartments-luxembourg-city\/parking-luxembourg-ville\/","url":"https:\/\/thecentralapartments.fr\/luxury-apartments-luxembourg-city\/parking-luxembourg-ville\/","name":"Parking priv\u00e9 \u00e0 Luxembourg-ville | Parking r\u00e9serv\u00e9 dans le district de la gare","isPartOf":{"@id":"https:\/\/thecentralapartments.fr\/luxury-apartments-luxembourg-city\/#website"},"datePublished":"2019-09-09T14:10:47+00:00","dateModified":"2021-01-25T13:09:57+00:00","description":"The Central Luxembourg offre 30 places couvertes et surveill\u00e9es de parking priv\u00e9. - R\u00e9servez la v\u00f4tre pour un jour ou une ann\u00e9e compl\u00e8te!","inLanguage":"fr-FR","potentialAction":[{"@type":"ReadAction","target":["https:\/\/thecentralapartments.fr\/luxury-apartments-luxembourg-city\/parking-luxembourg-ville\/"]}]},{"@type":"WebSite","@id":"https:\/\/thecentralapartments.fr\/luxury-apartments-luxembourg-city\/#website","url":"https:\/\/thecentralapartments.fr\/luxury-apartments-luxembourg-city\/","name":"The Central Luxembourg City","description":"The Central Luxembourg City","publisher":{"@id":"https:\/\/thecentralapartments.fr\/luxury-apartments-luxembourg-city\/#organization"},"potentialAction":[{"@type":"SearchAction","target":{"@type":"EntryPoint","urlTemplate":"https:\/\/thecentralapartments.fr\/luxury-apartments-luxembourg-city\/?s={search_term_string}"},"query-input":"required name=search_term_string"}],"inLanguage":"fr-FR"},{"@type":"Organization","@id":"https:\/\/thecentralapartments.fr\/luxury-apartments-luxembourg-city\/#organization","name":"The Central Luxembourg City","url":"https:\/\/thecentralapartments.fr\/luxury-apartments-luxembourg-city\/","logo":{"@type":"ImageObject","inLanguage":"fr-FR","@id":"https:\/\/thecentralapartments.fr\/luxury-apartments-luxembourg-city\/#\/schema\/logo\/image\/","url":"https:\/\/thecentralapartments.fr\/luxury-apartments-luxembourg-city\/wp-content\/uploads\/2019\/06\/logo_the_central.png","contentUrl":"https:\/\/thecentralapartments.fr\/luxury-apartments-luxembourg-city\/wp-content\/uploads\/2019\/06\/logo_the_central.png","width":220,"height":60,"caption":"The Central Luxembourg City"},"image":{"@id":"https:\/\/thecentralapartments.fr\/luxury-apartments-luxembourg-city\/#\/schema\/logo\/image\/"}}]}},"_links":{"self":[{"href":"https:\/\/thecentralapartments.fr\/luxury-apartments-luxembourg-city\/wp-json\/wp\/v2\/pages\/3107"}],"collection":[{"href":"https:\/\/thecentralapartments.fr\/luxury-apartments-luxembourg-city\/wp-json\/wp\/v2\/pages"}],"about":[{"href":"https:\/\/thecentralapartments.fr\/luxury-apartments-luxembourg-city\/wp-json\/wp\/v2\/types\/page"}],"author":[{"embeddable":true,"href":"https:\/\/thecentralapartments.fr\/luxury-apartments-luxembourg-city\/wp-json\/wp\/v2\/users\/1"}],"replies":[{"embeddable":true,"href":"https:\/\/thecentralapartments.fr\/luxury-apartments-luxembourg-city\/wp-json\/wp\/v2\/comments?post=3107"}],"version-history":[{"count":7,"href":"https:\/\/thecentralapartments.fr\/luxury-apartments-luxembourg-city\/wp-json\/wp\/v2\/pages\/3107\/revisions"}],"predecessor-version":[{"id":8597,"href":"https:\/\/thecentralapartments.fr\/luxury-apartments-luxembourg-city\/wp-json\/wp\/v2\/pages\/3107\/revisions\/8597"}],"wp:attachment":[{"href":"https:\/\/thecentralapartments.fr\/luxury-apartments-luxembourg-city\/wp-json\/wp\/v2\/media?parent=3107"}],"curies":[{"name":"wp","href":"https:\/\/api.w.org\/{rel}","templated":true}]}}