{"id":3091,"date":"2019-08-29T11:56:10","date_gmt":"2019-08-29T09:56:10","guid":{"rendered":"https:\/\/thecentral.lu\/luxury-apartments-luxembourg-city\/residence-suites\/onebedroom-rent-apartment-luxembourg\/"},"modified":"2024-12-03T10:35:44","modified_gmt":"2024-12-03T09:35:44","slug":"louer-appartement-luxembourg-une-chambre","status":"publish","type":"page","link":"https:\/\/thecentralapartments.fr\/luxury-apartments-luxembourg-city\/apart-hotel-luxembourg\/louer-appartement-luxembourg-une-chambre\/","title":{"rendered":"Appartement Une Chambre Ex\u00e9cutive avec Balcon"},"content":{"rendered":"","protected":false},"excerpt":{"rendered":"","protected":false},"author":1,"featured_media":0,"parent":3052,"menu_order":20,"comment_status":"closed","ping_status":"closed","template":"template-Apartments.php","meta":[],"acf":[],"yoast_head":"<!-- This site is optimized with the Yoast SEO plugin v20.8 - https:\/\/yoast.com\/wordpress\/plugins\/seo\/ -->\n<title>Louer un appartement avec une chambre au Luxembourg chez The Central<\/title>\n<meta name=\"description\" content=\"Appartement enti\u00e8rement meubl\u00e9 d&#039;une chambre avec terrase au c\u0153ur de Luxembourg-ville. Louez un appartement au Luxembourg, plus d&#039;informations et r\u00e9servations en ligne.\" \/>\n<meta name=\"robots\" content=\"index, follow, max-snippet:-1, max-image-preview:large, max-video-preview:-1\" \/>\n<link rel=\"canonical\" href=\"https:\/\/thecentralapartments.fr\/luxury-apartments-luxembourg-city\/apart-hotel-luxembourg\/louer-appartement-luxembourg-une-chambre\/\" \/>\n<meta property=\"og:locale\" content=\"fr_FR\" \/>\n<meta property=\"og:type\" content=\"article\" \/>\n<meta property=\"og:title\" content=\"Louer un appartement avec une chambre au Luxembourg chez The Central\" \/>\n<meta property=\"og:description\" content=\"Appartement enti\u00e8rement meubl\u00e9 d&#039;une chambre avec terrase au c\u0153ur de Luxembourg-ville. Louez un appartement au Luxembourg, plus d&#039;informations et r\u00e9servations en ligne.\" \/>\n<meta property=\"og:url\" content=\"https:\/\/thecentralapartments.fr\/luxury-apartments-luxembourg-city\/apart-hotel-luxembourg\/louer-appartement-luxembourg-une-chambre\/\" \/>\n<meta property=\"og:site_name\" content=\"The Central Luxembourg City\" \/>\n<meta property=\"article:modified_time\" content=\"2024-12-03T09:35:44+00:00\" \/>\n<meta name=\"twitter:card\" content=\"summary_large_image\" \/>\n<script type=\"application\/ld+json\" class=\"yoast-schema-graph\">{\"@context\":\"https:\/\/schema.org\",\"@graph\":[{\"@type\":\"WebPage\",\"@id\":\"https:\/\/thecentralapartments.fr\/luxury-apartments-luxembourg-city\/apart-hotel-luxembourg\/louer-appartement-luxembourg-une-chambre\/\",\"url\":\"https:\/\/thecentralapartments.fr\/luxury-apartments-luxembourg-city\/apart-hotel-luxembourg\/louer-appartement-luxembourg-une-chambre\/\",\"name\":\"Louer un appartement avec une chambre au Luxembourg chez The Central\",\"isPartOf\":{\"@id\":\"https:\/\/thecentralapartments.fr\/luxury-apartments-luxembourg-city\/#website\"},\"datePublished\":\"2019-08-29T09:56:10+00:00\",\"dateModified\":\"2024-12-03T09:35:44+00:00\",\"description\":\"Appartement enti\u00e8rement meubl\u00e9 d'une chambre avec terrase au c\u0153ur de Luxembourg-ville. Louez un appartement au Luxembourg, plus d'informations et r\u00e9servations en ligne.\",\"breadcrumb\":{\"@id\":\"https:\/\/thecentralapartments.fr\/luxury-apartments-luxembourg-city\/apart-hotel-luxembourg\/louer-appartement-luxembourg-une-chambre\/#breadcrumb\"},\"inLanguage\":\"fr-FR\",\"potentialAction\":[{\"@type\":\"ReadAction\",\"target\":[\"https:\/\/thecentralapartments.fr\/luxury-apartments-luxembourg-city\/apart-hotel-luxembourg\/louer-appartement-luxembourg-une-chambre\/\"]}]},{\"@type\":\"BreadcrumbList\",\"@id\":\"https:\/\/thecentralapartments.fr\/luxury-apartments-luxembourg-city\/apart-hotel-luxembourg\/louer-appartement-luxembourg-une-chambre\/#breadcrumb\",\"itemListElement\":[{\"@type\":\"ListItem\",\"position\":1,\"name\":\"R\u00c9SIDENCE DE LUXE\",\"item\":\"https:\/\/thecentralapartments.fr\/luxury-apartments-luxembourg-city\/apart-hotel-luxembourg\/\"},{\"@type\":\"ListItem\",\"position\":2,\"name\":\"Appartement Une Chambre Ex\u00e9cutive avec Balcon\"}]},{\"@type\":\"WebSite\",\"@id\":\"https:\/\/thecentralapartments.fr\/luxury-apartments-luxembourg-city\/#website\",\"url\":\"https:\/\/thecentralapartments.fr\/luxury-apartments-luxembourg-city\/\",\"name\":\"The Central Luxembourg City\",\"description\":\"The Central Luxembourg City\",\"publisher\":{\"@id\":\"https:\/\/thecentralapartments.fr\/luxury-apartments-luxembourg-city\/#organization\"},\"potentialAction\":[{\"@type\":\"SearchAction\",\"target\":{\"@type\":\"EntryPoint\",\"urlTemplate\":\"https:\/\/thecentralapartments.fr\/luxury-apartments-luxembourg-city\/?s={search_term_string}\"},\"query-input\":\"required name=search_term_string\"}],\"inLanguage\":\"fr-FR\"},{\"@type\":\"Organization\",\"@id\":\"https:\/\/thecentralapartments.fr\/luxury-apartments-luxembourg-city\/#organization\",\"name\":\"The Central Luxembourg City\",\"url\":\"https:\/\/thecentralapartments.fr\/luxury-apartments-luxembourg-city\/\",\"logo\":{\"@type\":\"ImageObject\",\"inLanguage\":\"fr-FR\",\"@id\":\"https:\/\/thecentralapartments.fr\/luxury-apartments-luxembourg-city\/#\/schema\/logo\/image\/\",\"url\":\"https:\/\/thecentralapartments.fr\/luxury-apartments-luxembourg-city\/wp-content\/uploads\/2019\/06\/logo_the_central.png\",\"contentUrl\":\"https:\/\/thecentralapartments.fr\/luxury-apartments-luxembourg-city\/wp-content\/uploads\/2019\/06\/logo_the_central.png\",\"width\":220,\"height\":60,\"caption\":\"The Central Luxembourg City\"},\"image\":{\"@id\":\"https:\/\/thecentralapartments.fr\/luxury-apartments-luxembourg-city\/#\/schema\/logo\/image\/\"}}]}<\/script>\n<!-- \/ Yoast SEO plugin. -->","yoast_head_json":{"title":"Louer un appartement avec une chambre au Luxembourg chez The Central","description":"Appartement enti\u00e8rement meubl\u00e9 d'une chambre avec terrase au c\u0153ur de Luxembourg-ville. Louez un appartement au Luxembourg, plus d'informations et r\u00e9servations en ligne.","robots":{"index":"index","follow":"follow","max-snippet":"max-snippet:-1","max-image-preview":"max-image-preview:large","max-video-preview":"max-video-preview:-1"},"canonical":"https:\/\/thecentralapartments.fr\/luxury-apartments-luxembourg-city\/apart-hotel-luxembourg\/louer-appartement-luxembourg-une-chambre\/","og_locale":"fr_FR","og_type":"article","og_title":"Louer un appartement avec une chambre au Luxembourg chez The Central","og_description":"Appartement enti\u00e8rement meubl\u00e9 d'une chambre avec terrase au c\u0153ur de Luxembourg-ville. Louez un appartement au Luxembourg, plus d'informations et r\u00e9servations en ligne.","og_url":"https:\/\/thecentralapartments.fr\/luxury-apartments-luxembourg-city\/apart-hotel-luxembourg\/louer-appartement-luxembourg-une-chambre\/","og_site_name":"The Central Luxembourg City","article_modified_time":"2024-12-03T09:35:44+00:00","twitter_card":"summary_large_image","schema":{"@context":"https:\/\/schema.org","@graph":[{"@type":"WebPage","@id":"https:\/\/thecentralapartments.fr\/luxury-apartments-luxembourg-city\/apart-hotel-luxembourg\/louer-appartement-luxembourg-une-chambre\/","url":"https:\/\/thecentralapartments.fr\/luxury-apartments-luxembourg-city\/apart-hotel-luxembourg\/louer-appartement-luxembourg-une-chambre\/","name":"Louer un appartement avec une chambre au Luxembourg chez The Central","isPartOf":{"@id":"https:\/\/thecentralapartments.fr\/luxury-apartments-luxembourg-city\/#website"},"datePublished":"2019-08-29T09:56:10+00:00","dateModified":"2024-12-03T09:35:44+00:00","description":"Appartement enti\u00e8rement meubl\u00e9 d'une chambre avec terrase au c\u0153ur de Luxembourg-ville. Louez un appartement au Luxembourg, plus d'informations et r\u00e9servations en ligne.","breadcrumb":{"@id":"https:\/\/thecentralapartments.fr\/luxury-apartments-luxembourg-city\/apart-hotel-luxembourg\/louer-appartement-luxembourg-une-chambre\/#breadcrumb"},"inLanguage":"fr-FR","potentialAction":[{"@type":"ReadAction","target":["https:\/\/thecentralapartments.fr\/luxury-apartments-luxembourg-city\/apart-hotel-luxembourg\/louer-appartement-luxembourg-une-chambre\/"]}]},{"@type":"BreadcrumbList","@id":"https:\/\/thecentralapartments.fr\/luxury-apartments-luxembourg-city\/apart-hotel-luxembourg\/louer-appartement-luxembourg-une-chambre\/#breadcrumb","itemListElement":[{"@type":"ListItem","position":1,"name":"R\u00c9SIDENCE DE LUXE","item":"https:\/\/thecentralapartments.fr\/luxury-apartments-luxembourg-city\/apart-hotel-luxembourg\/"},{"@type":"ListItem","position":2,"name":"Appartement Une Chambre Ex\u00e9cutive avec Balcon"}]},{"@type":"WebSite","@id":"https:\/\/thecentralapartments.fr\/luxury-apartments-luxembourg-city\/#website","url":"https:\/\/thecentralapartments.fr\/luxury-apartments-luxembourg-city\/","name":"The Central Luxembourg City","description":"The Central Luxembourg City","publisher":{"@id":"https:\/\/thecentralapartments.fr\/luxury-apartments-luxembourg-city\/#organization"},"potentialAction":[{"@type":"SearchAction","target":{"@type":"EntryPoint","urlTemplate":"https:\/\/thecentralapartments.fr\/luxury-apartments-luxembourg-city\/?s={search_term_string}"},"query-input":"required name=search_term_string"}],"inLanguage":"fr-FR"},{"@type":"Organization","@id":"https:\/\/thecentralapartments.fr\/luxury-apartments-luxembourg-city\/#organization","name":"The Central Luxembourg City","url":"https:\/\/thecentralapartments.fr\/luxury-apartments-luxembourg-city\/","logo":{"@type":"ImageObject","inLanguage":"fr-FR","@id":"https:\/\/thecentralapartments.fr\/luxury-apartments-luxembourg-city\/#\/schema\/logo\/image\/","url":"https:\/\/thecentralapartments.fr\/luxury-apartments-luxembourg-city\/wp-content\/uploads\/2019\/06\/logo_the_central.png","contentUrl":"https:\/\/thecentralapartments.fr\/luxury-apartments-luxembourg-city\/wp-content\/uploads\/2019\/06\/logo_the_central.png","width":220,"height":60,"caption":"The Central Luxembourg City"},"image":{"@id":"https:\/\/thecentralapartments.fr\/luxury-apartments-luxembourg-city\/#\/schema\/logo\/image\/"}}]}},"_links":{"self":[{"href":"https:\/\/thecentralapartments.fr\/luxury-apartments-luxembourg-city\/wp-json\/wp\/v2\/pages\/3091"}],"collection":[{"href":"https:\/\/thecentralapartments.fr\/luxury-apartments-luxembourg-city\/wp-json\/wp\/v2\/pages"}],"about":[{"href":"https:\/\/thecentralapartments.fr\/luxury-apartments-luxembourg-city\/wp-json\/wp\/v2\/types\/page"}],"author":[{"embeddable":true,"href":"https:\/\/thecentralapartments.fr\/luxury-apartments-luxembourg-city\/wp-json\/wp\/v2\/users\/1"}],"replies":[{"embeddable":true,"href":"https:\/\/thecentralapartments.fr\/luxury-apartments-luxembourg-city\/wp-json\/wp\/v2\/comments?post=3091"}],"version-history":[{"count":12,"href":"https:\/\/thecentralapartments.fr\/luxury-apartments-luxembourg-city\/wp-json\/wp\/v2\/pages\/3091\/revisions"}],"predecessor-version":[{"id":25159,"href":"https:\/\/thecentralapartments.fr\/luxury-apartments-luxembourg-city\/wp-json\/wp\/v2\/pages\/3091\/revisions\/25159"}],"up":[{"embeddable":true,"href":"https:\/\/thecentralapartments.fr\/luxury-apartments-luxembourg-city\/wp-json\/wp\/v2\/pages\/3052"}],"wp:attachment":[{"href":"https:\/\/thecentralapartments.fr\/luxury-apartments-luxembourg-city\/wp-json\/wp\/v2\/media?parent=3091"}],"curies":[{"name":"wp","href":"https:\/\/api.w.org\/{rel}","templated":true}]}}