{"id":24770,"date":"2024-12-03T10:10:52","date_gmt":"2024-12-03T09:10:52","guid":{"rendered":"https:\/\/thecentral.lu\/luxury-apartments-luxembourg-city\/?page_id=24770"},"modified":"2024-12-03T10:35:59","modified_gmt":"2024-12-03T09:35:59","slug":"suite-residence-duplex-avec-terrasse","status":"publish","type":"page","link":"https:\/\/thecentralapartments.fr\/luxury-apartments-luxembourg-city\/apart-hotel-luxembourg\/suite-residence-duplex-avec-terrasse\/","title":{"rendered":"Suite R\u00e9sidence Duplex avec Terrasse"},"content":{"rendered":"","protected":false},"excerpt":{"rendered":"","protected":false},"author":1,"featured_media":0,"parent":3052,"menu_order":60,"comment_status":"closed","ping_status":"closed","template":"template-Apartments.php","meta":[],"acf":[],"yoast_head":"<!-- This site is optimized with the Yoast SEO plugin v20.8 - https:\/\/yoast.com\/wordpress\/plugins\/seo\/ -->\n<title>Appartements \u00e0 Luxembourg-ville | Voyages d&#039;entreprise et locations d&#039;entreprise<\/title>\n<meta name=\"description\" content=\"Appartements meubl\u00e9s de luxe \u00e0 louer dans le district de la Gare Luxembourg-ville. Parfait pour les affaires et le tourisme, pour des locations de courte ou longue dur\u00e9e.\" \/>\n<meta name=\"robots\" content=\"index, follow, max-snippet:-1, max-image-preview:large, max-video-preview:-1\" \/>\n<link rel=\"canonical\" href=\"https:\/\/thecentralapartments.fr\/luxury-apartments-luxembourg-city\/apart-hotel-luxembourg\/suite-residence-duplex-avec-terrasse\/\" \/>\n<meta property=\"og:locale\" content=\"fr_FR\" \/>\n<meta property=\"og:type\" content=\"article\" \/>\n<meta property=\"og:title\" content=\"Appartements \u00e0 Luxembourg-ville | Voyages d&#039;entreprise et locations d&#039;entreprise\" \/>\n<meta property=\"og:description\" content=\"Appartements meubl\u00e9s de luxe \u00e0 louer dans le district de la Gare Luxembourg-ville. Parfait pour les affaires et le tourisme, pour des locations de courte ou longue dur\u00e9e.\" \/>\n<meta property=\"og:url\" content=\"https:\/\/thecentralapartments.fr\/luxury-apartments-luxembourg-city\/apart-hotel-luxembourg\/suite-residence-duplex-avec-terrasse\/\" \/>\n<meta property=\"og:site_name\" content=\"The Central Luxembourg City\" \/>\n<meta property=\"article:modified_time\" content=\"2024-12-03T09:35:59+00:00\" \/>\n<meta name=\"twitter:card\" content=\"summary_large_image\" \/>\n<script type=\"application\/ld+json\" class=\"yoast-schema-graph\">{\"@context\":\"https:\/\/schema.org\",\"@graph\":[{\"@type\":\"WebPage\",\"@id\":\"https:\/\/thecentralapartments.fr\/luxury-apartments-luxembourg-city\/apart-hotel-luxembourg\/suite-residence-duplex-avec-terrasse\/\",\"url\":\"https:\/\/thecentralapartments.fr\/luxury-apartments-luxembourg-city\/apart-hotel-luxembourg\/suite-residence-duplex-avec-terrasse\/\",\"name\":\"Appartements \u00e0 Luxembourg-ville | Voyages d'entreprise et locations d'entreprise\",\"isPartOf\":{\"@id\":\"https:\/\/thecentralapartments.fr\/luxury-apartments-luxembourg-city\/#website\"},\"datePublished\":\"2024-12-03T09:10:52+00:00\",\"dateModified\":\"2024-12-03T09:35:59+00:00\",\"description\":\"Appartements meubl\u00e9s de luxe \u00e0 louer dans le district de la Gare Luxembourg-ville. Parfait pour les affaires et le tourisme, pour des locations de courte ou longue dur\u00e9e.\",\"breadcrumb\":{\"@id\":\"https:\/\/thecentralapartments.fr\/luxury-apartments-luxembourg-city\/apart-hotel-luxembourg\/suite-residence-duplex-avec-terrasse\/#breadcrumb\"},\"inLanguage\":\"fr-FR\",\"potentialAction\":[{\"@type\":\"ReadAction\",\"target\":[\"https:\/\/thecentralapartments.fr\/luxury-apartments-luxembourg-city\/apart-hotel-luxembourg\/suite-residence-duplex-avec-terrasse\/\"]}]},{\"@type\":\"BreadcrumbList\",\"@id\":\"https:\/\/thecentralapartments.fr\/luxury-apartments-luxembourg-city\/apart-hotel-luxembourg\/suite-residence-duplex-avec-terrasse\/#breadcrumb\",\"itemListElement\":[{\"@type\":\"ListItem\",\"position\":1,\"name\":\"R\u00c9SIDENCE DE LUXE\",\"item\":\"https:\/\/thecentralapartments.fr\/luxury-apartments-luxembourg-city\/apart-hotel-luxembourg\/\"},{\"@type\":\"ListItem\",\"position\":2,\"name\":\"Suite R\u00e9sidence Duplex avec Terrasse\"}]},{\"@type\":\"WebSite\",\"@id\":\"https:\/\/thecentralapartments.fr\/luxury-apartments-luxembourg-city\/#website\",\"url\":\"https:\/\/thecentralapartments.fr\/luxury-apartments-luxembourg-city\/\",\"name\":\"The Central Luxembourg City\",\"description\":\"The Central Luxembourg City\",\"publisher\":{\"@id\":\"https:\/\/thecentralapartments.fr\/luxury-apartments-luxembourg-city\/#organization\"},\"potentialAction\":[{\"@type\":\"SearchAction\",\"target\":{\"@type\":\"EntryPoint\",\"urlTemplate\":\"https:\/\/thecentralapartments.fr\/luxury-apartments-luxembourg-city\/?s={search_term_string}\"},\"query-input\":\"required name=search_term_string\"}],\"inLanguage\":\"fr-FR\"},{\"@type\":\"Organization\",\"@id\":\"https:\/\/thecentralapartments.fr\/luxury-apartments-luxembourg-city\/#organization\",\"name\":\"The Central Luxembourg City\",\"url\":\"https:\/\/thecentralapartments.fr\/luxury-apartments-luxembourg-city\/\",\"logo\":{\"@type\":\"ImageObject\",\"inLanguage\":\"fr-FR\",\"@id\":\"https:\/\/thecentralapartments.fr\/luxury-apartments-luxembourg-city\/#\/schema\/logo\/image\/\",\"url\":\"https:\/\/thecentralapartments.fr\/luxury-apartments-luxembourg-city\/wp-content\/uploads\/2019\/06\/logo_the_central.png\",\"contentUrl\":\"https:\/\/thecentralapartments.fr\/luxury-apartments-luxembourg-city\/wp-content\/uploads\/2019\/06\/logo_the_central.png\",\"width\":220,\"height\":60,\"caption\":\"The Central Luxembourg City\"},\"image\":{\"@id\":\"https:\/\/thecentralapartments.fr\/luxury-apartments-luxembourg-city\/#\/schema\/logo\/image\/\"}}]}<\/script>\n<!-- \/ Yoast SEO plugin. -->","yoast_head_json":{"title":"Appartements \u00e0 Luxembourg-ville | Voyages d'entreprise et locations d'entreprise","description":"Appartements meubl\u00e9s de luxe \u00e0 louer dans le district de la Gare Luxembourg-ville. Parfait pour les affaires et le tourisme, pour des locations de courte ou longue dur\u00e9e.","robots":{"index":"index","follow":"follow","max-snippet":"max-snippet:-1","max-image-preview":"max-image-preview:large","max-video-preview":"max-video-preview:-1"},"canonical":"https:\/\/thecentralapartments.fr\/luxury-apartments-luxembourg-city\/apart-hotel-luxembourg\/suite-residence-duplex-avec-terrasse\/","og_locale":"fr_FR","og_type":"article","og_title":"Appartements \u00e0 Luxembourg-ville | Voyages d'entreprise et locations d'entreprise","og_description":"Appartements meubl\u00e9s de luxe \u00e0 louer dans le district de la Gare Luxembourg-ville. Parfait pour les affaires et le tourisme, pour des locations de courte ou longue dur\u00e9e.","og_url":"https:\/\/thecentralapartments.fr\/luxury-apartments-luxembourg-city\/apart-hotel-luxembourg\/suite-residence-duplex-avec-terrasse\/","og_site_name":"The Central Luxembourg City","article_modified_time":"2024-12-03T09:35:59+00:00","twitter_card":"summary_large_image","schema":{"@context":"https:\/\/schema.org","@graph":[{"@type":"WebPage","@id":"https:\/\/thecentralapartments.fr\/luxury-apartments-luxembourg-city\/apart-hotel-luxembourg\/suite-residence-duplex-avec-terrasse\/","url":"https:\/\/thecentralapartments.fr\/luxury-apartments-luxembourg-city\/apart-hotel-luxembourg\/suite-residence-duplex-avec-terrasse\/","name":"Appartements \u00e0 Luxembourg-ville | Voyages d'entreprise et locations d'entreprise","isPartOf":{"@id":"https:\/\/thecentralapartments.fr\/luxury-apartments-luxembourg-city\/#website"},"datePublished":"2024-12-03T09:10:52+00:00","dateModified":"2024-12-03T09:35:59+00:00","description":"Appartements meubl\u00e9s de luxe \u00e0 louer dans le district de la Gare Luxembourg-ville. Parfait pour les affaires et le tourisme, pour des locations de courte ou longue dur\u00e9e.","breadcrumb":{"@id":"https:\/\/thecentralapartments.fr\/luxury-apartments-luxembourg-city\/apart-hotel-luxembourg\/suite-residence-duplex-avec-terrasse\/#breadcrumb"},"inLanguage":"fr-FR","potentialAction":[{"@type":"ReadAction","target":["https:\/\/thecentralapartments.fr\/luxury-apartments-luxembourg-city\/apart-hotel-luxembourg\/suite-residence-duplex-avec-terrasse\/"]}]},{"@type":"BreadcrumbList","@id":"https:\/\/thecentralapartments.fr\/luxury-apartments-luxembourg-city\/apart-hotel-luxembourg\/suite-residence-duplex-avec-terrasse\/#breadcrumb","itemListElement":[{"@type":"ListItem","position":1,"name":"R\u00c9SIDENCE DE LUXE","item":"https:\/\/thecentralapartments.fr\/luxury-apartments-luxembourg-city\/apart-hotel-luxembourg\/"},{"@type":"ListItem","position":2,"name":"Suite R\u00e9sidence Duplex avec Terrasse"}]},{"@type":"WebSite","@id":"https:\/\/thecentralapartments.fr\/luxury-apartments-luxembourg-city\/#website","url":"https:\/\/thecentralapartments.fr\/luxury-apartments-luxembourg-city\/","name":"The Central Luxembourg City","description":"The Central Luxembourg City","publisher":{"@id":"https:\/\/thecentralapartments.fr\/luxury-apartments-luxembourg-city\/#organization"},"potentialAction":[{"@type":"SearchAction","target":{"@type":"EntryPoint","urlTemplate":"https:\/\/thecentralapartments.fr\/luxury-apartments-luxembourg-city\/?s={search_term_string}"},"query-input":"required name=search_term_string"}],"inLanguage":"fr-FR"},{"@type":"Organization","@id":"https:\/\/thecentralapartments.fr\/luxury-apartments-luxembourg-city\/#organization","name":"The Central Luxembourg City","url":"https:\/\/thecentralapartments.fr\/luxury-apartments-luxembourg-city\/","logo":{"@type":"ImageObject","inLanguage":"fr-FR","@id":"https:\/\/thecentralapartments.fr\/luxury-apartments-luxembourg-city\/#\/schema\/logo\/image\/","url":"https:\/\/thecentralapartments.fr\/luxury-apartments-luxembourg-city\/wp-content\/uploads\/2019\/06\/logo_the_central.png","contentUrl":"https:\/\/thecentralapartments.fr\/luxury-apartments-luxembourg-city\/wp-content\/uploads\/2019\/06\/logo_the_central.png","width":220,"height":60,"caption":"The Central Luxembourg City"},"image":{"@id":"https:\/\/thecentralapartments.fr\/luxury-apartments-luxembourg-city\/#\/schema\/logo\/image\/"}}]}},"_links":{"self":[{"href":"https:\/\/thecentralapartments.fr\/luxury-apartments-luxembourg-city\/wp-json\/wp\/v2\/pages\/24770"}],"collection":[{"href":"https:\/\/thecentralapartments.fr\/luxury-apartments-luxembourg-city\/wp-json\/wp\/v2\/pages"}],"about":[{"href":"https:\/\/thecentralapartments.fr\/luxury-apartments-luxembourg-city\/wp-json\/wp\/v2\/types\/page"}],"author":[{"embeddable":true,"href":"https:\/\/thecentralapartments.fr\/luxury-apartments-luxembourg-city\/wp-json\/wp\/v2\/users\/1"}],"replies":[{"embeddable":true,"href":"https:\/\/thecentralapartments.fr\/luxury-apartments-luxembourg-city\/wp-json\/wp\/v2\/comments?post=24770"}],"version-history":[{"count":6,"href":"https:\/\/thecentralapartments.fr\/luxury-apartments-luxembourg-city\/wp-json\/wp\/v2\/pages\/24770\/revisions"}],"predecessor-version":[{"id":25163,"href":"https:\/\/thecentralapartments.fr\/luxury-apartments-luxembourg-city\/wp-json\/wp\/v2\/pages\/24770\/revisions\/25163"}],"up":[{"embeddable":true,"href":"https:\/\/thecentralapartments.fr\/luxury-apartments-luxembourg-city\/wp-json\/wp\/v2\/pages\/3052"}],"wp:attachment":[{"href":"https:\/\/thecentralapartments.fr\/luxury-apartments-luxembourg-city\/wp-json\/wp\/v2\/media?parent=24770"}],"curies":[{"name":"wp","href":"https:\/\/api.w.org\/{rel}","templated":true}]}}